{"id":334,"date":"2015-03-09T10:56:44","date_gmt":"2015-03-09T10:56:44","guid":{"rendered":"https:\/\/structure.thememove.com\/?page_id=334"},"modified":"2021-06-27T17:29:19","modified_gmt":"2021-06-27T17:29:19","slug":"dogalgaz_isletme","status":"publish","type":"page","link":"http:\/\/www.arzmuhendislik.com.tr\/index.php\/hizmetlerimiz\/dogalgaz_isletme\/","title":{"rendered":"Do\u011falgaz \u0130\u015fletme"},"content":{"rendered":"<p>[vc_row css=&#8221;.vc_custom_1433128555329{margin-bottom: 50px !important;}&#8221;][vc_column][vc_single_image image=&#8221;75660&#8243; img_size=&#8221;full&#8221; alignment=&#8221;center&#8221;][\/vc_column][\/vc_row][vc_row css=&#8221;.vc_custom_1433128525365{margin-top: 0px !important;margin-bottom: 40px !important;}&#8221;][vc_column][vc_custom_heading text=&#8221;DO\u011eALGAZ \u0130\u015eLETME&#8221; font_container=&#8221;tag:h2|font_size:20|text_align:left&#8221; el_class=&#8221;heading-title-3&#8243;][vc_column_text]T\u00dcRK\u0130YE DO\u011eALGAZ \u0130\u015eLETMEC\u0130L\u0130\u011e\u0130NDE B\u0130R \u0130LK<\/p>\n<p>Do\u011falgaz sekt\u00f6r\u00fcnde bir ilk, BURSAGAZ ile ARZ M\u00dcHEND\u0130SL\u0130K aras\u0131nda yap\u0131lan m\u00fc\u015favirlik s\u00f6zle\u015fmesi ile 2005\u20132006 y\u0131l\u0131nda ger\u00e7ekle\u015fti.<\/p>\n<p>Bursa\u2019 da do\u011falgaz altyap\u0131s\u0131nda kullan\u0131lan malzemeden hatlar\u0131n devreye al\u0131nmas\u0131na, i\u00e7 tesisat projelerinin onay\u0131ndan gaz a\u00e7mas\u0131na, kurulu \u015febekede kokuland\u0131rmadan bak\u0131m-onar\u0131ma kadar ve 24 saat g\u00f6rev ba\u015f\u0131nda bulunan acil ekip faaliyetlerinin tamam\u0131 ARZ M\u00dcHEND\u0130SL\u0130K taraf\u0131ndan y\u00fcr\u00fct\u00fclm\u00fc\u015ft\u00fcr.<\/p>\n<p>2 milyona yakla\u015fan \u015fehir n\u00fcfusuna, 400.000 e yak\u0131n konut abonesine, 68 mahalle istasyonu ve her g\u00fcn b\u00fcy\u00fcyen do\u011falgaz \u015febekesine sahip olan Bursa ilimizin do\u011falgaz hizmet ihtiyac\u0131, BURSAGAZ ile yap\u0131lan m\u00fc\u015favirlik s\u00f6zle\u015fmesi kapsam\u0131nda, ARZ M\u00fchendisli\u011fe ba\u011fl\u0131 88 \u00e7al\u0131\u015fan taraf\u0131ndan sa\u011flanm\u0131\u015ft\u0131r. Bunlar\u0131n 34\u2019\u00fc i\u015fletme (acil, bak\u0131m onar\u0131m, ana kumanda), 16\u2019s\u0131 i\u00e7 tesisat (proje onay, tesisat kontrol, randevu takip sistemi), 36\u2019s\u0131 yap\u0131m kontrol (saha kontrol, malzeme kontrol, hak edi\u015f kontrol), Bursa Merkez Ofisinde idari koordinasyon ve muhasebe ile ilgili ayr\u0131ca 2 personelimiz bulunmu\u015ftur.[\/vc_column_text][\/vc_column][\/vc_row]<\/p>\n","protected":false},"excerpt":{"rendered":"<p>[vc_row css=&#8221;.vc_custom_1433128555329{margin-bottom: 50px !important;}&#8221;][vc_column][vc_single_image image=&#8221;75660&#8243; img_size=&#8221;full&#8221; alignment=&#8221;center&#8221;][\/vc_column][\/vc_row][vc_row css=&#8221;.vc_custom_1433128525365{margin-top: 0px !important;margin-bottom: 40px !important;}&#8221;][vc_column][vc_custom_heading text=&#8221;DO\u011eALGAZ \u0130\u015eLETME&#8221; font_container=&#8221;tag:h2|font_size:20|text_align:left&#8221; el_class=&#8221;heading-title-3&#8243;][vc_column_text]T\u00dcRK\u0130YE DO\u011eALGAZ \u0130\u015eLETMEC\u0130L\u0130\u011e\u0130NDE B\u0130R \u0130LK Do\u011falgaz sekt\u00f6r\u00fcnde bir ilk, BURSAGAZ ile ARZ M\u00dcHEND\u0130SL\u0130K aras\u0131nda yap\u0131lan m\u00fc\u015favirlik s\u00f6zle\u015fmesi ile 2005\u20132006 y\u0131l\u0131nda ger\u00e7ekle\u015fti. Bursa\u2019 da do\u011falgaz altyap\u0131s\u0131nda kullan\u0131lan malzemeden hatlar\u0131n devreye al\u0131nmas\u0131na, i\u00e7 tesisat projelerinin onay\u0131ndan gaz a\u00e7mas\u0131na, kurulu \u015febekede kokuland\u0131rmadan bak\u0131m-onar\u0131ma [&hellip;]<\/p>\n","protected":false},"author":1,"featured_media":0,"parent":59,"menu_order":0,"comment_status":"closed","ping_status":"closed","template":"","meta":[],"yoast_head":"<!-- This site is optimized with the Yoast SEO plugin v16.5 - https:\/\/yoast.com\/wordpress\/plugins\/seo\/ -->\n<title>Do\u011falgaz \u0130\u015fletme - Arz M&uuml;hendislik<\/title>\n<meta name=\"robots\" content=\"index, follow, max-snippet:-1, max-image-preview:large, max-video-preview:-1\" \/>\n<link rel=\"canonical\" href=\"https:\/\/www.arzmuhendislik.com.tr\/index.php\/hizmetlerimiz\/dogalgaz_isletme\/\" \/>\n<meta property=\"og:locale\" content=\"tr_TR\" \/>\n<meta property=\"og:type\" content=\"article\" \/>\n<meta property=\"og:title\" content=\"Do\u011falgaz \u0130\u015fletme - Arz M&uuml;hendislik\" \/>\n<meta property=\"og:description\" content=\"[vc_row css=&#8221;.vc_custom_1433128555329{margin-bottom: 50px !important;}&#8221;][vc_column][vc_single_image image=&#8221;75660&#8243; img_size=&#8221;full&#8221; alignment=&#8221;center&#8221;][\/vc_column][\/vc_row][vc_row css=&#8221;.vc_custom_1433128525365{margin-top: 0px !important;margin-bottom: 40px !important;}&#8221;][vc_column][vc_custom_heading text=&#8221;DO\u011eALGAZ \u0130\u015eLETME&#8221; font_container=&#8221;tag:h2|font_size:20|text_align:left&#8221; el_class=&#8221;heading-title-3&#8243;][vc_column_text]T\u00dcRK\u0130YE DO\u011eALGAZ \u0130\u015eLETMEC\u0130L\u0130\u011e\u0130NDE B\u0130R \u0130LK Do\u011falgaz sekt\u00f6r\u00fcnde bir ilk, BURSAGAZ ile ARZ M\u00dcHEND\u0130SL\u0130K aras\u0131nda yap\u0131lan m\u00fc\u015favirlik s\u00f6zle\u015fmesi ile 2005\u20132006 y\u0131l\u0131nda ger\u00e7ekle\u015fti. Bursa\u2019 da do\u011falgaz altyap\u0131s\u0131nda kullan\u0131lan malzemeden hatlar\u0131n devreye al\u0131nmas\u0131na, i\u00e7 tesisat projelerinin onay\u0131ndan gaz a\u00e7mas\u0131na, kurulu \u015febekede kokuland\u0131rmadan bak\u0131m-onar\u0131ma [&hellip;]\" \/>\n<meta property=\"og:url\" content=\"https:\/\/www.arzmuhendislik.com.tr\/index.php\/hizmetlerimiz\/dogalgaz_isletme\/\" \/>\n<meta property=\"og:site_name\" content=\"Arz M&uuml;hendislik\" \/>\n<meta property=\"article:modified_time\" content=\"2021-06-27T17:29:19+00:00\" \/>\n<meta name=\"twitter:card\" content=\"summary_large_image\" \/>\n<meta name=\"twitter:label1\" content=\"Tahmini okuma s\u00fcresi\" \/>\n\t<meta name=\"twitter:data1\" content=\"1 dakika\" \/>\n<script type=\"application\/ld+json\" class=\"yoast-schema-graph\">{\"@context\":\"https:\/\/schema.org\",\"@graph\":[{\"@type\":\"WebSite\",\"@id\":\"http:\/\/www.arzmuhendislik.com.tr\/#website\",\"url\":\"http:\/\/www.arzmuhendislik.com.tr\/\",\"name\":\"Arz M&uuml;hendislik\",\"description\":\"Do\\u011fru Tercih\",\"potentialAction\":[{\"@type\":\"SearchAction\",\"target\":\"http:\/\/www.arzmuhendislik.com.tr\/?s={search_term_string}\",\"query-input\":\"required name=search_term_string\"}],\"inLanguage\":\"tr\"},{\"@type\":\"WebPage\",\"@id\":\"https:\/\/www.arzmuhendislik.com.tr\/index.php\/hizmetlerimiz\/dogalgaz_isletme\/#webpage\",\"url\":\"https:\/\/www.arzmuhendislik.com.tr\/index.php\/hizmetlerimiz\/dogalgaz_isletme\/\",\"name\":\"Do\\u011falgaz \\u0130\\u015fletme - Arz M&uuml;hendislik\",\"isPartOf\":{\"@id\":\"http:\/\/www.arzmuhendislik.com.tr\/#website\"},\"datePublished\":\"2015-03-09T10:56:44+00:00\",\"dateModified\":\"2021-06-27T17:29:19+00:00\",\"breadcrumb\":{\"@id\":\"https:\/\/www.arzmuhendislik.com.tr\/index.php\/hizmetlerimiz\/dogalgaz_isletme\/#breadcrumb\"},\"inLanguage\":\"tr\",\"potentialAction\":[{\"@type\":\"ReadAction\",\"target\":[\"https:\/\/www.arzmuhendislik.com.tr\/index.php\/hizmetlerimiz\/dogalgaz_isletme\/\"]}]},{\"@type\":\"BreadcrumbList\",\"@id\":\"https:\/\/www.arzmuhendislik.com.tr\/index.php\/hizmetlerimiz\/dogalgaz_isletme\/#breadcrumb\",\"itemListElement\":[{\"@type\":\"ListItem\",\"position\":1,\"name\":\"Anasayfa\",\"item\":\"http:\/\/www.arzmuhendislik.com.tr\/\"},{\"@type\":\"ListItem\",\"position\":2,\"name\":\"Hizmetlerimiz\",\"item\":\"https:\/\/www.arzmuhendislik.com.tr\/index.php\/hizmetlerimiz\/\"},{\"@type\":\"ListItem\",\"position\":3,\"name\":\"Do\\u011falgaz \\u0130\\u015fletme\"}]}]}<\/script>\n<!-- \/ Yoast SEO plugin. -->","_links":{"self":[{"href":"http:\/\/www.arzmuhendislik.com.tr\/index.php\/wp-json\/wp\/v2\/pages\/334"}],"collection":[{"href":"http:\/\/www.arzmuhendislik.com.tr\/index.php\/wp-json\/wp\/v2\/pages"}],"about":[{"href":"http:\/\/www.arzmuhendislik.com.tr\/index.php\/wp-json\/wp\/v2\/types\/page"}],"author":[{"embeddable":true,"href":"http:\/\/www.arzmuhendislik.com.tr\/index.php\/wp-json\/wp\/v2\/users\/1"}],"replies":[{"embeddable":true,"href":"http:\/\/www.arzmuhendislik.com.tr\/index.php\/wp-json\/wp\/v2\/comments?post=334"}],"version-history":[{"count":11,"href":"http:\/\/www.arzmuhendislik.com.tr\/index.php\/wp-json\/wp\/v2\/pages\/334\/revisions"}],"predecessor-version":[{"id":75677,"href":"http:\/\/www.arzmuhendislik.com.tr\/index.php\/wp-json\/wp\/v2\/pages\/334\/revisions\/75677"}],"up":[{"embeddable":true,"href":"http:\/\/www.arzmuhendislik.com.tr\/index.php\/wp-json\/wp\/v2\/pages\/59"}],"wp:attachment":[{"href":"http:\/\/www.arzmuhendislik.com.tr\/index.php\/wp-json\/wp\/v2\/media?parent=334"}],"curies":[{"name":"wp","href":"https:\/\/api.w.org\/{rel}","templated":true}]}}