{"id":336,"date":"2015-03-10T02:44:54","date_gmt":"2015-03-10T02:44:54","guid":{"rendered":"https:\/\/structure.thememove.com\/?page_id=336"},"modified":"2021-06-27T17:39:36","modified_gmt":"2021-06-27T17:39:36","slug":"fizibilite_etud_proje","status":"publish","type":"page","link":"http:\/\/www.arzmuhendislik.com.tr\/index.php\/hizmetlerimiz\/fizibilite_etud_proje\/","title":{"rendered":"Fizibilite, Et\u00fcd ve Proje"},"content":{"rendered":"<p>[vc_row css=&#8221;.vc_custom_1433557707565{margin-bottom: 50px !important;}&#8221;][vc_column][vc_single_image image=&#8221;75660&#8243; img_size=&#8221;full&#8221; alignment=&#8221;center&#8221;][\/vc_column][\/vc_row][vc_row css=&#8221;.vc_custom_1433557672994{margin-top: 0px !important;margin-bottom: 40px !important;}&#8221;][vc_column][vc_custom_heading text=&#8221;Fizibilite, Et\u00fcd ve Proje&#8221; font_container=&#8221;tag:h2|font_size:20|text_align:left&#8221; el_class=&#8221;heading-title-3&#8243;][vc_column_text]<\/p>\n<p class=\"metin\"><strong>F\u0130Z\u0130B\u0130L\u0130TE \u00c7ALI\u015eMALARI<\/strong><\/p>\n<ul>\n<li class=\"metin\"><span class=\"metin\">Azami arz ve talep kapasitelerinin et\u00fcd\u00fc<\/span><\/li>\n<li class=\"metin\"><span class=\"metin\">Hava kirlili\u011fi da\u011f\u0131l\u0131m et\u00fcd\u00fc<\/span><\/li>\n<li class=\"metin\"><span class=\"metin\">Demografik et\u00fct<\/span><\/li>\n<li class=\"metin\"><span class=\"metin\">\u015eebeke ve g\u00fczergah kapasite et\u00fctleri<\/span><\/li>\n<li class=\"metin\"><span class=\"metin\">Master plan rapor ve malzeme icmali<\/span><\/li>\n<li class=\"metin\"><span class=\"metin\">Abone miktarlar\u0131n\u0131n tespiti<\/span><\/li>\n<li class=\"metin\"><span class=\"metin\">Gaz t\u00fcketim miktarlar\u0131n\u0131n belirlenmesi<\/span><\/li>\n<li class=\"metin\"><span class=\"metin\">Peak \u00e7eki\u015f ve mevsim s\u0131cakl\u0131klar\u0131na g\u00f6re da\u011f\u0131t\u0131m\u0131n belirlenmesi<\/span><\/li>\n<li class=\"metin\"><span class=\"metin\">Ekonomik de\u011ferlendirme<br \/>\n<\/span><span class=\"metin\">a\u015famalar\u0131ndan olu\u015fmaktad\u0131r.<\/span><\/li>\n<\/ul>\n<p class=\"MET\u0130N\"><span class=\"metin\"><strong>ET\u00dcT ve PROJE \u00c7ALI\u015eMALARI<\/strong><\/span><\/p>\n<ul>\n<li class=\"MET\u0130N\"><span class=\"metin\">Do\u011falgaz \u015fehir da\u011f\u0131t\u0131m fizibilite raporlar\u0131,<\/span><\/li>\n<li class=\"MET\u0130N\"><span class=\"metin\">Halihaz\u0131r haritalar\u0131n \u00f6l\u00e7\u00fcmleri ve \u00e7izimleri,<\/span><\/li>\n<li class=\"MET\u0130N\"><span class=\"metin\">Do\u011falgaz \u015fehir da\u011f\u0131t\u0131m avan projelerin olu\u015fturulmas\u0131. Lisans dosyalar\u0131n\u0131n haz\u0131rlanmas\u0131,<\/span><\/li>\n<li class=\"MET\u0130N\"><span class=\"metin\">Do\u011falgaz \u015febekesinde kullan\u0131lacak malzeme tespiti, malzeme dengesi ve malzeme dan\u0131\u015fmanl\u0131k hizmetleri,<\/span><\/li>\n<li class=\"MET\u0130N\"><span class=\"metin\">Do\u011falgaz \u015fehir da\u011f\u0131t\u0131m tatbikat projeleri,<\/span><\/li>\n<li class=\"MET\u0130N\"><span class=\"metin\">Do\u011falgaz \u015febekesi asbuilt planlar\u0131n yap\u0131lmas\u0131.<\/span><\/li>\n<\/ul>\n<p>[\/vc_column_text][\/vc_column][\/vc_row]<\/p>\n","protected":false},"excerpt":{"rendered":"<p>[vc_row css=&#8221;.vc_custom_1433557707565{margin-bottom: 50px !important;}&#8221;][vc_column][vc_single_image image=&#8221;75660&#8243; img_size=&#8221;full&#8221; alignment=&#8221;center&#8221;][\/vc_column][\/vc_row][vc_row css=&#8221;.vc_custom_1433557672994{margin-top: 0px !important;margin-bottom: 40px !important;}&#8221;][vc_column][vc_custom_heading text=&#8221;Fizibilite, Et\u00fcd ve Proje&#8221; font_container=&#8221;tag:h2|font_size:20|text_align:left&#8221; el_class=&#8221;heading-title-3&#8243;][vc_column_text] F\u0130Z\u0130B\u0130L\u0130TE \u00c7ALI\u015eMALARI Azami arz ve talep kapasitelerinin et\u00fcd\u00fc Hava kirlili\u011fi da\u011f\u0131l\u0131m et\u00fcd\u00fc Demografik et\u00fct \u015eebeke ve g\u00fczergah kapasite et\u00fctleri Master plan rapor ve malzeme icmali Abone miktarlar\u0131n\u0131n tespiti Gaz t\u00fcketim miktarlar\u0131n\u0131n belirlenmesi Peak \u00e7eki\u015f ve mevsim s\u0131cakl\u0131klar\u0131na [&hellip;]<\/p>\n","protected":false},"author":1,"featured_media":0,"parent":59,"menu_order":0,"comment_status":"closed","ping_status":"closed","template":"","meta":[],"yoast_head":"<!-- This site is optimized with the Yoast SEO plugin v16.5 - https:\/\/yoast.com\/wordpress\/plugins\/seo\/ -->\n<title>Fizibilite, Et\u00fcd ve Proje - Arz M&uuml;hendislik<\/title>\n<meta name=\"robots\" content=\"index, follow, max-snippet:-1, max-image-preview:large, max-video-preview:-1\" \/>\n<link rel=\"canonical\" href=\"https:\/\/www.arzmuhendislik.com.tr\/index.php\/hizmetlerimiz\/fizibilite_etud_proje\/\" \/>\n<meta property=\"og:locale\" content=\"tr_TR\" \/>\n<meta property=\"og:type\" content=\"article\" \/>\n<meta property=\"og:title\" content=\"Fizibilite, Et\u00fcd ve Proje - Arz M&uuml;hendislik\" \/>\n<meta property=\"og:description\" content=\"[vc_row css=&#8221;.vc_custom_1433557707565{margin-bottom: 50px !important;}&#8221;][vc_column][vc_single_image image=&#8221;75660&#8243; img_size=&#8221;full&#8221; alignment=&#8221;center&#8221;][\/vc_column][\/vc_row][vc_row css=&#8221;.vc_custom_1433557672994{margin-top: 0px !important;margin-bottom: 40px !important;}&#8221;][vc_column][vc_custom_heading text=&#8221;Fizibilite, Et\u00fcd ve Proje&#8221; font_container=&#8221;tag:h2|font_size:20|text_align:left&#8221; el_class=&#8221;heading-title-3&#8243;][vc_column_text] F\u0130Z\u0130B\u0130L\u0130TE \u00c7ALI\u015eMALARI Azami arz ve talep kapasitelerinin et\u00fcd\u00fc Hava kirlili\u011fi da\u011f\u0131l\u0131m et\u00fcd\u00fc Demografik et\u00fct \u015eebeke ve g\u00fczergah kapasite et\u00fctleri Master plan rapor ve malzeme icmali Abone miktarlar\u0131n\u0131n tespiti Gaz t\u00fcketim miktarlar\u0131n\u0131n belirlenmesi Peak \u00e7eki\u015f ve mevsim s\u0131cakl\u0131klar\u0131na [&hellip;]\" \/>\n<meta property=\"og:url\" content=\"https:\/\/www.arzmuhendislik.com.tr\/index.php\/hizmetlerimiz\/fizibilite_etud_proje\/\" \/>\n<meta property=\"og:site_name\" content=\"Arz M&uuml;hendislik\" \/>\n<meta property=\"article:modified_time\" content=\"2021-06-27T17:39:36+00:00\" \/>\n<meta name=\"twitter:card\" content=\"summary_large_image\" \/>\n<meta name=\"twitter:label1\" content=\"Tahmini okuma s\u00fcresi\" \/>\n\t<meta name=\"twitter:data1\" content=\"1 dakika\" \/>\n<script type=\"application\/ld+json\" class=\"yoast-schema-graph\">{\"@context\":\"https:\/\/schema.org\",\"@graph\":[{\"@type\":\"WebSite\",\"@id\":\"http:\/\/www.arzmuhendislik.com.tr\/#website\",\"url\":\"http:\/\/www.arzmuhendislik.com.tr\/\",\"name\":\"Arz M&uuml;hendislik\",\"description\":\"Do\\u011fru Tercih\",\"potentialAction\":[{\"@type\":\"SearchAction\",\"target\":\"http:\/\/www.arzmuhendislik.com.tr\/?s={search_term_string}\",\"query-input\":\"required name=search_term_string\"}],\"inLanguage\":\"tr\"},{\"@type\":\"WebPage\",\"@id\":\"https:\/\/www.arzmuhendislik.com.tr\/index.php\/hizmetlerimiz\/fizibilite_etud_proje\/#webpage\",\"url\":\"https:\/\/www.arzmuhendislik.com.tr\/index.php\/hizmetlerimiz\/fizibilite_etud_proje\/\",\"name\":\"Fizibilite, Et\\u00fcd ve Proje - Arz M&uuml;hendislik\",\"isPartOf\":{\"@id\":\"http:\/\/www.arzmuhendislik.com.tr\/#website\"},\"datePublished\":\"2015-03-10T02:44:54+00:00\",\"dateModified\":\"2021-06-27T17:39:36+00:00\",\"breadcrumb\":{\"@id\":\"https:\/\/www.arzmuhendislik.com.tr\/index.php\/hizmetlerimiz\/fizibilite_etud_proje\/#breadcrumb\"},\"inLanguage\":\"tr\",\"potentialAction\":[{\"@type\":\"ReadAction\",\"target\":[\"https:\/\/www.arzmuhendislik.com.tr\/index.php\/hizmetlerimiz\/fizibilite_etud_proje\/\"]}]},{\"@type\":\"BreadcrumbList\",\"@id\":\"https:\/\/www.arzmuhendislik.com.tr\/index.php\/hizmetlerimiz\/fizibilite_etud_proje\/#breadcrumb\",\"itemListElement\":[{\"@type\":\"ListItem\",\"position\":1,\"name\":\"Anasayfa\",\"item\":\"http:\/\/www.arzmuhendislik.com.tr\/\"},{\"@type\":\"ListItem\",\"position\":2,\"name\":\"Hizmetlerimiz\",\"item\":\"https:\/\/www.arzmuhendislik.com.tr\/index.php\/hizmetlerimiz\/\"},{\"@type\":\"ListItem\",\"position\":3,\"name\":\"Fizibilite, Et\\u00fcd ve Proje\"}]}]}<\/script>\n<!-- \/ Yoast SEO plugin. -->","_links":{"self":[{"href":"http:\/\/www.arzmuhendislik.com.tr\/index.php\/wp-json\/wp\/v2\/pages\/336"}],"collection":[{"href":"http:\/\/www.arzmuhendislik.com.tr\/index.php\/wp-json\/wp\/v2\/pages"}],"about":[{"href":"http:\/\/www.arzmuhendislik.com.tr\/index.php\/wp-json\/wp\/v2\/types\/page"}],"author":[{"embeddable":true,"href":"http:\/\/www.arzmuhendislik.com.tr\/index.php\/wp-json\/wp\/v2\/users\/1"}],"replies":[{"embeddable":true,"href":"http:\/\/www.arzmuhendislik.com.tr\/index.php\/wp-json\/wp\/v2\/comments?post=336"}],"version-history":[{"count":6,"href":"http:\/\/www.arzmuhendislik.com.tr\/index.php\/wp-json\/wp\/v2\/pages\/336\/revisions"}],"predecessor-version":[{"id":75678,"href":"http:\/\/www.arzmuhendislik.com.tr\/index.php\/wp-json\/wp\/v2\/pages\/336\/revisions\/75678"}],"up":[{"embeddable":true,"href":"http:\/\/www.arzmuhendislik.com.tr\/index.php\/wp-json\/wp\/v2\/pages\/59"}],"wp:attachment":[{"href":"http:\/\/www.arzmuhendislik.com.tr\/index.php\/wp-json\/wp\/v2\/media?parent=336"}],"curies":[{"name":"wp","href":"https:\/\/api.w.org\/{rel}","templated":true}]}}