{"id":338,"date":"2015-03-10T02:45:13","date_gmt":"2015-03-10T02:45:13","guid":{"rendered":"https:\/\/structure.thememove.com\/?page_id=338"},"modified":"2021-06-27T17:47:09","modified_gmt":"2021-06-27T17:47:09","slug":"yapim_kontrol_musavirlik","status":"publish","type":"page","link":"http:\/\/www.arzmuhendislik.com.tr\/index.php\/hizmetlerimiz\/yapim_kontrol_musavirlik\/","title":{"rendered":"Yap\u0131m Kontrol ve M\u00fc\u015favirlik"},"content":{"rendered":"<p>[vc_row css=&#8221;.vc_custom_1433128555329{margin-bottom: 50px !important;}&#8221;][vc_column][vc_single_image image=&#8221;75660&#8243; img_size=&#8221;full&#8221; alignment=&#8221;center&#8221;][\/vc_column][\/vc_row][vc_row css=&#8221;.vc_custom_1433128525365{margin-top: 0px !important;margin-bottom: 40px !important;}&#8221;][vc_column][vc_custom_heading text=&#8221;Yap\u0131m Kontrol ve M\u00fc\u015favirlik&#8221; font_container=&#8221;tag:h2|font_size:20|text_align:left&#8221; el_class=&#8221;heading-title-3&#8243;][vc_column_text]<strong>YAPIM KONTROL<\/strong><\/p>\n<p>ARZ M\u00fchendislik yap\u0131m-kontrol birimi; \u00e7elik hatlar, PE ana hatlar, PE servis hatlar\u0131, hakedi\u015f kontrol ve malzeme kontrol faaliyetlerini, do\u011fal gaz konusunda e\u011fitimli ve deneyimli teknisyen ve m\u00fchendislerden kurulu uzman ekiplerle y\u00fcr\u00fctmektedir.<\/p>\n<p>\u2022 Altyap\u0131da kullan\u0131lacak malzemelerin kalite-kontrol\u00fc,<br \/>\n\u2022 Uygulama yap\u0131lacak sahada imalat\u0131n projeye, \u015fartname ve standartlara uygunlu\u011funun kontrol ve denetimi,<br \/>\n\u2022 Ana ve kesin hakedi\u015f kontrol\u00fc,<br \/>\n\u2022 Ge\u00e7ici ve kesin kabul i\u015flemlerinin yap\u0131lmas\u0131.<\/p>\n<p><strong>M\u00dc\u015eAV\u0130RL\u0130K<\/strong><\/p>\n<ul>\n<li>Do\u011falgaz da\u011f\u0131t\u0131m hatlar\u0131n\u0131n proje m\u00fc\u015favirli\u011fi,<\/li>\n<li>Do\u011falgaz \u015febekesi yap\u0131m m\u00fc\u015favirli\u011fi,<\/li>\n<li>Do\u011falgaz da\u011f\u0131t\u0131m hatlar\u0131n\u0131n i\u015fletimi, bak\u0131m onar\u0131m ve acil m\u00fcdahele i\u015flemleri,<\/li>\n<li>\u0130\u00e7 tesisat kontrol m\u00fc\u015favirli\u011fi,<\/li>\n<\/ul>\n<p>[\/vc_column_text][\/vc_column][\/vc_row]<\/p>\n","protected":false},"excerpt":{"rendered":"<p>[vc_row css=&#8221;.vc_custom_1433128555329{margin-bottom: 50px !important;}&#8221;][vc_column][vc_single_image image=&#8221;75660&#8243; img_size=&#8221;full&#8221; alignment=&#8221;center&#8221;][\/vc_column][\/vc_row][vc_row css=&#8221;.vc_custom_1433128525365{margin-top: 0px !important;margin-bottom: 40px !important;}&#8221;][vc_column][vc_custom_heading text=&#8221;Yap\u0131m Kontrol ve M\u00fc\u015favirlik&#8221; font_container=&#8221;tag:h2|font_size:20|text_align:left&#8221; el_class=&#8221;heading-title-3&#8243;][vc_column_text]YAPIM KONTROL ARZ M\u00fchendislik yap\u0131m-kontrol birimi; \u00e7elik hatlar, PE ana hatlar, PE servis hatlar\u0131, hakedi\u015f kontrol ve malzeme kontrol faaliyetlerini, do\u011fal gaz konusunda e\u011fitimli ve deneyimli teknisyen ve m\u00fchendislerden kurulu uzman ekiplerle y\u00fcr\u00fctmektedir. \u2022 Altyap\u0131da kullan\u0131lacak malzemelerin kalite-kontrol\u00fc, [&hellip;]<\/p>\n","protected":false},"author":1,"featured_media":0,"parent":59,"menu_order":0,"comment_status":"closed","ping_status":"closed","template":"","meta":[],"yoast_head":"<!-- This site is optimized with the Yoast SEO plugin v16.5 - https:\/\/yoast.com\/wordpress\/plugins\/seo\/ -->\n<title>Yap\u0131m Kontrol ve M\u00fc\u015favirlik - Arz M&uuml;hendislik<\/title>\n<meta name=\"robots\" content=\"index, follow, max-snippet:-1, max-image-preview:large, max-video-preview:-1\" \/>\n<link rel=\"canonical\" href=\"http:\/\/www.arzmuhendislik.com.tr\/index.php\/hizmetlerimiz\/yapim_kontrol_musavirlik\/\" \/>\n<meta property=\"og:locale\" content=\"tr_TR\" \/>\n<meta property=\"og:type\" content=\"article\" \/>\n<meta property=\"og:title\" content=\"Yap\u0131m Kontrol ve M\u00fc\u015favirlik - Arz M&uuml;hendislik\" \/>\n<meta property=\"og:description\" content=\"[vc_row css=&#8221;.vc_custom_1433128555329{margin-bottom: 50px !important;}&#8221;][vc_column][vc_single_image image=&#8221;75660&#8243; img_size=&#8221;full&#8221; alignment=&#8221;center&#8221;][\/vc_column][\/vc_row][vc_row css=&#8221;.vc_custom_1433128525365{margin-top: 0px !important;margin-bottom: 40px !important;}&#8221;][vc_column][vc_custom_heading text=&#8221;Yap\u0131m Kontrol ve M\u00fc\u015favirlik&#8221; font_container=&#8221;tag:h2|font_size:20|text_align:left&#8221; el_class=&#8221;heading-title-3&#8243;][vc_column_text]YAPIM KONTROL ARZ M\u00fchendislik yap\u0131m-kontrol birimi; \u00e7elik hatlar, PE ana hatlar, PE servis hatlar\u0131, hakedi\u015f kontrol ve malzeme kontrol faaliyetlerini, do\u011fal gaz konusunda e\u011fitimli ve deneyimli teknisyen ve m\u00fchendislerden kurulu uzman ekiplerle y\u00fcr\u00fctmektedir. \u2022 Altyap\u0131da kullan\u0131lacak malzemelerin kalite-kontrol\u00fc, [&hellip;]\" \/>\n<meta property=\"og:url\" content=\"http:\/\/www.arzmuhendislik.com.tr\/index.php\/hizmetlerimiz\/yapim_kontrol_musavirlik\/\" \/>\n<meta property=\"og:site_name\" content=\"Arz M&uuml;hendislik\" \/>\n<meta property=\"article:modified_time\" content=\"2021-06-27T17:47:09+00:00\" \/>\n<meta name=\"twitter:card\" content=\"summary_large_image\" \/>\n<meta name=\"twitter:label1\" content=\"Tahmini okuma s\u00fcresi\" \/>\n\t<meta name=\"twitter:data1\" content=\"1 dakika\" \/>\n<script type=\"application\/ld+json\" class=\"yoast-schema-graph\">{\"@context\":\"https:\/\/schema.org\",\"@graph\":[{\"@type\":\"WebSite\",\"@id\":\"http:\/\/www.arzmuhendislik.com.tr\/#website\",\"url\":\"http:\/\/www.arzmuhendislik.com.tr\/\",\"name\":\"Arz M&uuml;hendislik\",\"description\":\"Do\\u011fru Tercih\",\"potentialAction\":[{\"@type\":\"SearchAction\",\"target\":\"http:\/\/www.arzmuhendislik.com.tr\/?s={search_term_string}\",\"query-input\":\"required name=search_term_string\"}],\"inLanguage\":\"tr\"},{\"@type\":\"WebPage\",\"@id\":\"http:\/\/www.arzmuhendislik.com.tr\/index.php\/hizmetlerimiz\/yapim_kontrol_musavirlik\/#webpage\",\"url\":\"http:\/\/www.arzmuhendislik.com.tr\/index.php\/hizmetlerimiz\/yapim_kontrol_musavirlik\/\",\"name\":\"Yap\\u0131m Kontrol ve M\\u00fc\\u015favirlik - Arz M&uuml;hendislik\",\"isPartOf\":{\"@id\":\"http:\/\/www.arzmuhendislik.com.tr\/#website\"},\"datePublished\":\"2015-03-10T02:45:13+00:00\",\"dateModified\":\"2021-06-27T17:47:09+00:00\",\"breadcrumb\":{\"@id\":\"http:\/\/www.arzmuhendislik.com.tr\/index.php\/hizmetlerimiz\/yapim_kontrol_musavirlik\/#breadcrumb\"},\"inLanguage\":\"tr\",\"potentialAction\":[{\"@type\":\"ReadAction\",\"target\":[\"http:\/\/www.arzmuhendislik.com.tr\/index.php\/hizmetlerimiz\/yapim_kontrol_musavirlik\/\"]}]},{\"@type\":\"BreadcrumbList\",\"@id\":\"http:\/\/www.arzmuhendislik.com.tr\/index.php\/hizmetlerimiz\/yapim_kontrol_musavirlik\/#breadcrumb\",\"itemListElement\":[{\"@type\":\"ListItem\",\"position\":1,\"name\":\"Anasayfa\",\"item\":\"http:\/\/www.arzmuhendislik.com.tr\/\"},{\"@type\":\"ListItem\",\"position\":2,\"name\":\"Hizmetlerimiz\",\"item\":\"https:\/\/www.arzmuhendislik.com.tr\/index.php\/hizmetlerimiz\/\"},{\"@type\":\"ListItem\",\"position\":3,\"name\":\"Yap\\u0131m Kontrol ve M\\u00fc\\u015favirlik\"}]}]}<\/script>\n<!-- \/ Yoast SEO plugin. -->","_links":{"self":[{"href":"http:\/\/www.arzmuhendislik.com.tr\/index.php\/wp-json\/wp\/v2\/pages\/338"}],"collection":[{"href":"http:\/\/www.arzmuhendislik.com.tr\/index.php\/wp-json\/wp\/v2\/pages"}],"about":[{"href":"http:\/\/www.arzmuhendislik.com.tr\/index.php\/wp-json\/wp\/v2\/types\/page"}],"author":[{"embeddable":true,"href":"http:\/\/www.arzmuhendislik.com.tr\/index.php\/wp-json\/wp\/v2\/users\/1"}],"replies":[{"embeddable":true,"href":"http:\/\/www.arzmuhendislik.com.tr\/index.php\/wp-json\/wp\/v2\/comments?post=338"}],"version-history":[{"count":3,"href":"http:\/\/www.arzmuhendislik.com.tr\/index.php\/wp-json\/wp\/v2\/pages\/338\/revisions"}],"predecessor-version":[{"id":75687,"href":"http:\/\/www.arzmuhendislik.com.tr\/index.php\/wp-json\/wp\/v2\/pages\/338\/revisions\/75687"}],"up":[{"embeddable":true,"href":"http:\/\/www.arzmuhendislik.com.tr\/index.php\/wp-json\/wp\/v2\/pages\/59"}],"wp:attachment":[{"href":"http:\/\/www.arzmuhendislik.com.tr\/index.php\/wp-json\/wp\/v2\/media?parent=338"}],"curies":[{"name":"wp","href":"https:\/\/api.w.org\/{rel}","templated":true}]}}