{"id":342,"date":"2015-03-10T02:45:48","date_gmt":"2015-03-10T02:45:48","guid":{"rendered":"https:\/\/structure.thememove.com\/?page_id=342"},"modified":"2021-06-27T17:50:28","modified_gmt":"2021-06-27T17:50:28","slug":"architecture","status":"publish","type":"page","link":"http:\/\/www.arzmuhendislik.com.tr\/index.php\/hizmetlerimiz\/architecture\/","title":{"rendered":"Altyap\u0131 \u0130n\u015faat\u0131"},"content":{"rendered":"<p>[vc_row css=&#8221;.vc_custom_1433557707565{margin-bottom: 50px !important;}&#8221;][vc_column][vc_single_image image=&#8221;75660&#8243; img_size=&#8221;full&#8221; alignment=&#8221;center&#8221;][\/vc_column][\/vc_row][vc_row css=&#8221;.vc_custom_1433128525365{margin-top: 0px !important;margin-bottom: 40px !important;}&#8221;][vc_column][vc_custom_heading text=&#8221;Altyap\u0131 \u0130n\u015faat\u0131&#8221; font_container=&#8221;tag:h2|font_size:20|text_align:left&#8221; el_class=&#8221;heading-title-3&#8243;][vc_column_text]<strong>ALT YAPI H\u0130ZMETLER\u0130<\/strong><\/p>\n<ul>\n<li>Do\u011falgaz da\u011f\u0131t\u0131m hatt\u0131 ve servis hatt\u0131 imalat\u0131,<\/li>\n<li>Do\u011falgaz da\u011f\u0131t\u0131m hatlar\u0131n\u0131n testi ve devreye al\u0131nmas\u0131,<\/li>\n<li>Do\u011falgaz konut ve sanayi d\u00f6n\u00fc\u015f\u00fcm proje ve uygulamalar\u0131.<\/li>\n<\/ul>\n<p>[\/vc_column_text][\/vc_column][\/vc_row]<\/p>\n","protected":false},"excerpt":{"rendered":"<p>[vc_row css=&#8221;.vc_custom_1433557707565{margin-bottom: 50px !important;}&#8221;][vc_column][vc_single_image image=&#8221;75660&#8243; img_size=&#8221;full&#8221; alignment=&#8221;center&#8221;][\/vc_column][\/vc_row][vc_row css=&#8221;.vc_custom_1433128525365{margin-top: 0px !important;margin-bottom: 40px !important;}&#8221;][vc_column][vc_custom_heading text=&#8221;Altyap\u0131 \u0130n\u015faat\u0131&#8221; font_container=&#8221;tag:h2|font_size:20|text_align:left&#8221; el_class=&#8221;heading-title-3&#8243;][vc_column_text]ALT YAPI H\u0130ZMETLER\u0130 Do\u011falgaz da\u011f\u0131t\u0131m hatt\u0131 ve servis hatt\u0131 imalat\u0131, Do\u011falgaz da\u011f\u0131t\u0131m hatlar\u0131n\u0131n testi ve devreye al\u0131nmas\u0131, Do\u011falgaz konut ve sanayi d\u00f6n\u00fc\u015f\u00fcm proje ve uygulamalar\u0131. [\/vc_column_text][\/vc_column][\/vc_row]<\/p>\n","protected":false},"author":1,"featured_media":0,"parent":59,"menu_order":0,"comment_status":"closed","ping_status":"closed","template":"","meta":[],"yoast_head":"<!-- This site is optimized with the Yoast SEO plugin v16.5 - https:\/\/yoast.com\/wordpress\/plugins\/seo\/ -->\n<title>Altyap\u0131 \u0130n\u015faat\u0131 - Arz M&uuml;hendislik<\/title>\n<meta name=\"robots\" content=\"index, follow, max-snippet:-1, max-image-preview:large, max-video-preview:-1\" \/>\n<link rel=\"canonical\" href=\"https:\/\/www.arzmuhendislik.com.tr\/index.php\/hizmetlerimiz\/architecture\/\" \/>\n<meta property=\"og:locale\" content=\"tr_TR\" \/>\n<meta property=\"og:type\" content=\"article\" \/>\n<meta property=\"og:title\" content=\"Altyap\u0131 \u0130n\u015faat\u0131 - Arz M&uuml;hendislik\" \/>\n<meta property=\"og:description\" content=\"[vc_row css=&#8221;.vc_custom_1433557707565{margin-bottom: 50px !important;}&#8221;][vc_column][vc_single_image image=&#8221;75660&#8243; img_size=&#8221;full&#8221; alignment=&#8221;center&#8221;][\/vc_column][\/vc_row][vc_row css=&#8221;.vc_custom_1433128525365{margin-top: 0px !important;margin-bottom: 40px !important;}&#8221;][vc_column][vc_custom_heading text=&#8221;Altyap\u0131 \u0130n\u015faat\u0131&#8221; font_container=&#8221;tag:h2|font_size:20|text_align:left&#8221; el_class=&#8221;heading-title-3&#8243;][vc_column_text]ALT YAPI H\u0130ZMETLER\u0130 Do\u011falgaz da\u011f\u0131t\u0131m hatt\u0131 ve servis hatt\u0131 imalat\u0131, Do\u011falgaz da\u011f\u0131t\u0131m hatlar\u0131n\u0131n testi ve devreye al\u0131nmas\u0131, Do\u011falgaz konut ve sanayi d\u00f6n\u00fc\u015f\u00fcm proje ve uygulamalar\u0131. [\/vc_column_text][\/vc_column][\/vc_row]\" \/>\n<meta property=\"og:url\" content=\"https:\/\/www.arzmuhendislik.com.tr\/index.php\/hizmetlerimiz\/architecture\/\" \/>\n<meta property=\"og:site_name\" content=\"Arz M&uuml;hendislik\" \/>\n<meta property=\"article:modified_time\" content=\"2021-06-27T17:50:28+00:00\" \/>\n<meta name=\"twitter:card\" content=\"summary_large_image\" \/>\n<meta name=\"twitter:label1\" content=\"Tahmini okuma s\u00fcresi\" \/>\n\t<meta name=\"twitter:data1\" content=\"1 dakika\" \/>\n<script type=\"application\/ld+json\" class=\"yoast-schema-graph\">{\"@context\":\"https:\/\/schema.org\",\"@graph\":[{\"@type\":\"WebSite\",\"@id\":\"http:\/\/www.arzmuhendislik.com.tr\/#website\",\"url\":\"http:\/\/www.arzmuhendislik.com.tr\/\",\"name\":\"Arz M&uuml;hendislik\",\"description\":\"Do\\u011fru Tercih\",\"potentialAction\":[{\"@type\":\"SearchAction\",\"target\":\"http:\/\/www.arzmuhendislik.com.tr\/?s={search_term_string}\",\"query-input\":\"required name=search_term_string\"}],\"inLanguage\":\"tr\"},{\"@type\":\"WebPage\",\"@id\":\"https:\/\/www.arzmuhendislik.com.tr\/index.php\/hizmetlerimiz\/architecture\/#webpage\",\"url\":\"https:\/\/www.arzmuhendislik.com.tr\/index.php\/hizmetlerimiz\/architecture\/\",\"name\":\"Altyap\\u0131 \\u0130n\\u015faat\\u0131 - Arz M&uuml;hendislik\",\"isPartOf\":{\"@id\":\"http:\/\/www.arzmuhendislik.com.tr\/#website\"},\"datePublished\":\"2015-03-10T02:45:48+00:00\",\"dateModified\":\"2021-06-27T17:50:28+00:00\",\"breadcrumb\":{\"@id\":\"https:\/\/www.arzmuhendislik.com.tr\/index.php\/hizmetlerimiz\/architecture\/#breadcrumb\"},\"inLanguage\":\"tr\",\"potentialAction\":[{\"@type\":\"ReadAction\",\"target\":[\"https:\/\/www.arzmuhendislik.com.tr\/index.php\/hizmetlerimiz\/architecture\/\"]}]},{\"@type\":\"BreadcrumbList\",\"@id\":\"https:\/\/www.arzmuhendislik.com.tr\/index.php\/hizmetlerimiz\/architecture\/#breadcrumb\",\"itemListElement\":[{\"@type\":\"ListItem\",\"position\":1,\"name\":\"Anasayfa\",\"item\":\"http:\/\/www.arzmuhendislik.com.tr\/\"},{\"@type\":\"ListItem\",\"position\":2,\"name\":\"Hizmetlerimiz\",\"item\":\"https:\/\/www.arzmuhendislik.com.tr\/index.php\/hizmetlerimiz\/\"},{\"@type\":\"ListItem\",\"position\":3,\"name\":\"Altyap\\u0131 \\u0130n\\u015faat\\u0131\"}]}]}<\/script>\n<!-- \/ Yoast SEO plugin. -->","_links":{"self":[{"href":"http:\/\/www.arzmuhendislik.com.tr\/index.php\/wp-json\/wp\/v2\/pages\/342"}],"collection":[{"href":"http:\/\/www.arzmuhendislik.com.tr\/index.php\/wp-json\/wp\/v2\/pages"}],"about":[{"href":"http:\/\/www.arzmuhendislik.com.tr\/index.php\/wp-json\/wp\/v2\/types\/page"}],"author":[{"embeddable":true,"href":"http:\/\/www.arzmuhendislik.com.tr\/index.php\/wp-json\/wp\/v2\/users\/1"}],"replies":[{"embeddable":true,"href":"http:\/\/www.arzmuhendislik.com.tr\/index.php\/wp-json\/wp\/v2\/comments?post=342"}],"version-history":[{"count":2,"href":"http:\/\/www.arzmuhendislik.com.tr\/index.php\/wp-json\/wp\/v2\/pages\/342\/revisions"}],"predecessor-version":[{"id":75689,"href":"http:\/\/www.arzmuhendislik.com.tr\/index.php\/wp-json\/wp\/v2\/pages\/342\/revisions\/75689"}],"up":[{"embeddable":true,"href":"http:\/\/www.arzmuhendislik.com.tr\/index.php\/wp-json\/wp\/v2\/pages\/59"}],"wp:attachment":[{"href":"http:\/\/www.arzmuhendislik.com.tr\/index.php\/wp-json\/wp\/v2\/media?parent=342"}],"curies":[{"name":"wp","href":"https:\/\/api.w.org\/{rel}","templated":true}]}}