{"id":61,"date":"2015-03-02T04:38:49","date_gmt":"2015-03-01T21:38:49","guid":{"rendered":"https:\/\/structure.thememove.com\/?page_id=61"},"modified":"2021-06-27T19:00:31","modified_gmt":"2021-06-27T19:00:31","slug":"hakkimizda","status":"publish","type":"page","link":"http:\/\/www.arzmuhendislik.com.tr\/index.php\/hakkimizda\/","title":{"rendered":"Hakk\u0131m\u0131zda"},"content":{"rendered":"<p>[vc_row css=&#8221;.vc_custom_1433565737539{margin-top: 20px !important;margin-bottom: 30px !important;}&#8221;][vc_column][vc_single_image image=&#8221;75660&#8243; img_size=&#8221;full&#8221; alignment=&#8221;center&#8221;][\/vc_column][\/vc_row][vc_row css=&#8221;.vc_custom_1433564201242{margin-top: 20px !important;margin-bottom: 70px !important;}&#8221;][vc_column width=&#8221;1\/4&#8243;][vc_column_text][vc_widget_sidebar sidebar_id=&#8221;sidebar&#8221;][\/vc_column_text][\/vc_column][vc_column width=&#8221;3\/4&#8243;][vc_custom_heading text=&#8221;Hakk\u0131m\u0131zda&#8221; font_container=&#8221;tag:h2|font_size:20|text_align:left|color:%23111111&#8243; el_class=&#8221;heading-title-3&#8243;][vc_column_text]<\/p>\n<p class=\"metin\">Arz M\u00fchendislik, do\u011falgaz sekt\u00f6r\u00fcnde \u015fehir da\u011f\u0131t\u0131m ihalelerinin ba\u015flamas\u0131 ile sekt\u00f6rde ortaya \u00e7\u0131kan kaliteli hizmet ihtiyac\u0131n\u0131 kar\u015f\u0131lamak amac\u0131 ile 2003 y\u0131l\u0131nda kurulmu\u015ftur. Bu ama\u00e7 do\u011frultusunda Arz M\u00fchendislik, \u0130gda\u015f b\u00fcnyesinde uzun y\u0131llar proje geli\u015ftirme- uygulama konusunda \u00e7al\u0131\u015fm\u0131\u015f ve sekt\u00f6r\u00fcn ihtiya\u00e7lar\u0131 ile \u00f6nceliklerini iyi bilen uzman ve y\u00f6neticileri b\u00fcnyesinde bir araya getirerek hizmet vermeye ba\u015flam\u0131\u015ft\u0131r.<\/p>\n<p class=\"metin\">Arz M\u00fchendislik, do\u011falgaz sekt\u00f6r\u00fcndeki hizmetlerini devaml\u0131 ve kaliteli k\u0131labilmek amac\u0131yla AR-GE \u00e7al\u0131\u015fmlar\u0131n\u0131 temel \u00e7al\u0131\u015fma alanlar\u0131ndan biri olarak kabul etmektedir. Arz M\u00fchendislik, Enerji Piyasas\u0131 ve D\u00fczenleme Kurumu&#8217;ndan &#8220;Yap\u0131m ve Hizmet Sertifikas\u0131&#8221;na sahiptir.<\/p>\n<p>[\/vc_column_text][vc_custom_heading text=&#8221;\u015e\u0130RKET V\u0130ZYONU&#8221; font_container=&#8221;tag:h2|font_size:20|text_align:left|color:%23111111&#8243; el_class=&#8221;heading-title-3&#8243; css=&#8221;.vc_custom_1624803320739{margin-top: 30px !important;}&#8221;][vc_column_text]D\u00fcnya \u00e7ap\u0131ndaki projelere imza atan vizyoner bir \u015firket olmak.[\/vc_column_text][vc_custom_heading text=&#8221;\u015e\u0130RKET M\u0130SYONU&#8221; font_container=&#8221;tag:h2|font_size:20|text_align:left|color:%23111111&#8243; el_class=&#8221;heading-title-3&#8243; css=&#8221;.vc_custom_1624803350394{margin-top: 30px !important;}&#8221;][vc_column_text]Do\u011falgaz ve yaz\u0131l\u0131m sekt\u00f6r\u00fcnde ortaya \u00e7\u0131kacak hizmet ihtiyac\u0131n\u0131 kaliteli, h\u0131zl\u0131 ve optimum maliyetli \u00e7\u00f6z\u00fcmler \u00fcreterek kar\u015f\u0131lamak.[\/vc_column_text][vc_custom_heading text=&#8221;\u015e\u0130RKET \u00d6ZDE\u011eERLER\u0130 ve \u015e\u0130RKET KAL\u0130TE POL\u0130T\u0130KASI&#8221; font_container=&#8221;tag:h2|font_size:20|text_align:left|color:%23111111&#8243; el_class=&#8221;heading-title-3&#8243; css=&#8221;.vc_custom_1624803387629{margin-top: 30px !important;}&#8221;][vc_column_text]<\/p>\n<ul>\n<li>Ekip ruhu ve insan mutlulu\u011funu temel alan,<\/li>\n<li>Bilgili, yetenekli ve \u00f6zverili bir kadroya sahip,<\/li>\n<li>Biz bilincini \u00f6nde tutan,<\/li>\n<li>Kalite, termin ve m\u00fc\u015fteri memnuniyeti odakl\u0131 kurum k\u00fclt\u00fcr\u00fcne sahip,<\/li>\n<li>Yap\u0131lan projelerde \u201cS\u00fcrd\u00fcr\u00fclebilir \u00c7evre Bilinci ve Ya\u015fanabilir Kentler\u201d prensibi ile hareket eden,<\/li>\n<li>G\u00fcven, d\u00fcr\u00fcstl\u00fck, tam bilgilendirme prensiplerini \u00f6z\u00fcmseyen,<\/li>\n<li>Sekt\u00f6rde \u00f6rnek ve \u00f6nder olmak i\u00e7in \u00e7al\u0131\u015fan, bir \u015firket ruhuna sahibiz.<\/li>\n<\/ul>\n<p>[\/vc_column_text][\/vc_column][\/vc_row]<\/p>\n","protected":false},"excerpt":{"rendered":"<p>[vc_row css=&#8221;.vc_custom_1433565737539{margin-top: 20px !important;margin-bottom: 30px !important;}&#8221;][vc_column][vc_single_image image=&#8221;75660&#8243; img_size=&#8221;full&#8221; alignment=&#8221;center&#8221;][\/vc_column][\/vc_row][vc_row css=&#8221;.vc_custom_1433564201242{margin-top: 20px !important;margin-bottom: 70px !important;}&#8221;][vc_column width=&#8221;1\/4&#8243;][vc_column_text][vc_widget_sidebar sidebar_id=&#8221;sidebar&#8221;][\/vc_column_text][\/vc_column][vc_column width=&#8221;3\/4&#8243;][vc_custom_heading text=&#8221;Hakk\u0131m\u0131zda&#8221; font_container=&#8221;tag:h2|font_size:20|text_align:left|color:%23111111&#8243; el_class=&#8221;heading-title-3&#8243;][vc_column_text] Arz M\u00fchendislik, do\u011falgaz sekt\u00f6r\u00fcnde \u015fehir da\u011f\u0131t\u0131m ihalelerinin ba\u015flamas\u0131 ile sekt\u00f6rde ortaya \u00e7\u0131kan kaliteli hizmet ihtiyac\u0131n\u0131 kar\u015f\u0131lamak amac\u0131 ile 2003 y\u0131l\u0131nda kurulmu\u015ftur. Bu ama\u00e7 do\u011frultusunda Arz M\u00fchendislik, \u0130gda\u015f b\u00fcnyesinde uzun y\u0131llar proje geli\u015ftirme- uygulama konusunda \u00e7al\u0131\u015fm\u0131\u015f [&hellip;]<\/p>\n","protected":false},"author":1,"featured_media":0,"parent":0,"menu_order":0,"comment_status":"closed","ping_status":"closed","template":"","meta":[],"yoast_head":"<!-- This site is optimized with the Yoast SEO plugin v16.5 - https:\/\/yoast.com\/wordpress\/plugins\/seo\/ -->\n<title>Hakk\u0131m\u0131zda - Arz M&uuml;hendislik<\/title>\n<meta name=\"robots\" content=\"index, follow, max-snippet:-1, max-image-preview:large, max-video-preview:-1\" \/>\n<link rel=\"canonical\" href=\"https:\/\/www.arzmuhendislik.com.tr\/index.php\/hakkimizda\/\" \/>\n<meta property=\"og:locale\" content=\"tr_TR\" \/>\n<meta property=\"og:type\" content=\"article\" \/>\n<meta property=\"og:title\" content=\"Hakk\u0131m\u0131zda - Arz M&uuml;hendislik\" \/>\n<meta property=\"og:description\" content=\"[vc_row css=&#8221;.vc_custom_1433565737539{margin-top: 20px !important;margin-bottom: 30px !important;}&#8221;][vc_column][vc_single_image image=&#8221;75660&#8243; img_size=&#8221;full&#8221; alignment=&#8221;center&#8221;][\/vc_column][\/vc_row][vc_row css=&#8221;.vc_custom_1433564201242{margin-top: 20px !important;margin-bottom: 70px !important;}&#8221;][vc_column width=&#8221;1\/4&#8243;][vc_column_text][vc_widget_sidebar sidebar_id=&#8221;sidebar&#8221;][\/vc_column_text][\/vc_column][vc_column width=&#8221;3\/4&#8243;][vc_custom_heading text=&#8221;Hakk\u0131m\u0131zda&#8221; font_container=&#8221;tag:h2|font_size:20|text_align:left|color:%23111111&#8243; el_class=&#8221;heading-title-3&#8243;][vc_column_text] Arz M\u00fchendislik, do\u011falgaz sekt\u00f6r\u00fcnde \u015fehir da\u011f\u0131t\u0131m ihalelerinin ba\u015flamas\u0131 ile sekt\u00f6rde ortaya \u00e7\u0131kan kaliteli hizmet ihtiyac\u0131n\u0131 kar\u015f\u0131lamak amac\u0131 ile 2003 y\u0131l\u0131nda kurulmu\u015ftur. Bu ama\u00e7 do\u011frultusunda Arz M\u00fchendislik, \u0130gda\u015f b\u00fcnyesinde uzun y\u0131llar proje geli\u015ftirme- uygulama konusunda \u00e7al\u0131\u015fm\u0131\u015f [&hellip;]\" \/>\n<meta property=\"og:url\" content=\"https:\/\/www.arzmuhendislik.com.tr\/index.php\/hakkimizda\/\" \/>\n<meta property=\"og:site_name\" content=\"Arz M&uuml;hendislik\" \/>\n<meta property=\"article:modified_time\" content=\"2021-06-27T19:00:31+00:00\" \/>\n<meta name=\"twitter:card\" content=\"summary_large_image\" \/>\n<meta name=\"twitter:label1\" content=\"Tahmini okuma s\u00fcresi\" \/>\n\t<meta name=\"twitter:data1\" content=\"2 dakika\" \/>\n<script type=\"application\/ld+json\" class=\"yoast-schema-graph\">{\"@context\":\"https:\/\/schema.org\",\"@graph\":[{\"@type\":\"WebSite\",\"@id\":\"http:\/\/www.arzmuhendislik.com.tr\/#website\",\"url\":\"http:\/\/www.arzmuhendislik.com.tr\/\",\"name\":\"Arz M&uuml;hendislik\",\"description\":\"Do\\u011fru Tercih\",\"potentialAction\":[{\"@type\":\"SearchAction\",\"target\":\"http:\/\/www.arzmuhendislik.com.tr\/?s={search_term_string}\",\"query-input\":\"required name=search_term_string\"}],\"inLanguage\":\"tr\"},{\"@type\":\"WebPage\",\"@id\":\"https:\/\/www.arzmuhendislik.com.tr\/index.php\/hakkimizda\/#webpage\",\"url\":\"https:\/\/www.arzmuhendislik.com.tr\/index.php\/hakkimizda\/\",\"name\":\"Hakk\\u0131m\\u0131zda - Arz M&uuml;hendislik\",\"isPartOf\":{\"@id\":\"http:\/\/www.arzmuhendislik.com.tr\/#website\"},\"datePublished\":\"2015-03-01T21:38:49+00:00\",\"dateModified\":\"2021-06-27T19:00:31+00:00\",\"breadcrumb\":{\"@id\":\"https:\/\/www.arzmuhendislik.com.tr\/index.php\/hakkimizda\/#breadcrumb\"},\"inLanguage\":\"tr\",\"potentialAction\":[{\"@type\":\"ReadAction\",\"target\":[\"https:\/\/www.arzmuhendislik.com.tr\/index.php\/hakkimizda\/\"]}]},{\"@type\":\"BreadcrumbList\",\"@id\":\"https:\/\/www.arzmuhendislik.com.tr\/index.php\/hakkimizda\/#breadcrumb\",\"itemListElement\":[{\"@type\":\"ListItem\",\"position\":1,\"name\":\"Anasayfa\",\"item\":\"http:\/\/www.arzmuhendislik.com.tr\/\"},{\"@type\":\"ListItem\",\"position\":2,\"name\":\"Hakk\\u0131m\\u0131zda\"}]}]}<\/script>\n<!-- \/ Yoast SEO plugin. -->","_links":{"self":[{"href":"http:\/\/www.arzmuhendislik.com.tr\/index.php\/wp-json\/wp\/v2\/pages\/61"}],"collection":[{"href":"http:\/\/www.arzmuhendislik.com.tr\/index.php\/wp-json\/wp\/v2\/pages"}],"about":[{"href":"http:\/\/www.arzmuhendislik.com.tr\/index.php\/wp-json\/wp\/v2\/types\/page"}],"author":[{"embeddable":true,"href":"http:\/\/www.arzmuhendislik.com.tr\/index.php\/wp-json\/wp\/v2\/users\/1"}],"replies":[{"embeddable":true,"href":"http:\/\/www.arzmuhendislik.com.tr\/index.php\/wp-json\/wp\/v2\/comments?post=61"}],"version-history":[{"count":8,"href":"http:\/\/www.arzmuhendislik.com.tr\/index.php\/wp-json\/wp\/v2\/pages\/61\/revisions"}],"predecessor-version":[{"id":75698,"href":"http:\/\/www.arzmuhendislik.com.tr\/index.php\/wp-json\/wp\/v2\/pages\/61\/revisions\/75698"}],"wp:attachment":[{"href":"http:\/\/www.arzmuhendislik.com.tr\/index.php\/wp-json\/wp\/v2\/media?parent=61"}],"curies":[{"name":"wp","href":"https:\/\/api.w.org\/{rel}","templated":true}]}}