{"id":67,"date":"2015-03-02T04:39:13","date_gmt":"2015-03-02T04:39:13","guid":{"rendered":"https:\/\/structure.thememove.com\/?page_id=67"},"modified":"2021-06-27T20:55:16","modified_gmt":"2021-06-27T20:55:16","slug":"contact","status":"publish","type":"page","link":"http:\/\/www.arzmuhendislik.com.tr\/index.php\/contact\/","title":{"rendered":"\u0130leti\u015fim"},"content":{"rendered":"<p>[vc_row css=&#8221;.vc_custom_1433565737539{margin-top: 20px !important;margin-bottom: 30px !important;}&#8221;][vc_column][vc_single_image image=&#8221;75660&#8243; img_size=&#8221;full&#8221; alignment=&#8221;center&#8221;][\/vc_column][\/vc_row][vc_row css=&#8221;.vc_custom_1624636562946{margin-bottom: 70px !important;}&#8221;][vc_column][vc_gmaps link=&#8221;#E-8_JTNDaWZyYW1lJTIwc3JjJTNEJTIyaHR0cHMlM0ElMkYlMkZ3d3cuZ29vZ2xlLmNvbSUyRm1hcHMlMkZlbWJlZCUzRnBiJTNEJTIxMW0xOCUyMTFtMTIlMjExbTMlMjExZDMwMTAuMjQyNjI0OTU3MjY3JTIxMmQyOS4wMTIwMDU2MTYyNTQ4NTQlMjEzZDQxLjAxOTk0NzUyNjY1NDA3JTIxMm0zJTIxMWYwJTIxMmYwJTIxM2YwJTIxM20yJTIxMWkxMDI0JTIxMmk3NjglMjE0ZjEzLjElMjEzbTMlMjExbTIlMjExczB4MTRjYWI4MjcwYzFmYmY2NyUyNTNBMHg0MTVmNzkzZGRkNjJhNDk1JTIxMnNBcnolMjUyME0lMjVDMyUyNUJDaGVuZGlzbGlrJTI1MjB2ZSUyNTIwTSUyNUMzJTI1QkN0ZWFoaGl0bGlrJTIxNWUwJTIxM20yJTIxMXN0ciUyMTJzdHIlMjE0djE2MjQ2MzYxODk2MzklMjE1bTIlMjExc3RyJTIxMnN0ciUyMiUyMHdpZHRoJTNEJTIyNjAwJTIyJTIwaGVpZ2h0JTNEJTIyNDUwJTIyJTIwc3R5bGUlM0QlMjJib3JkZXIlM0EwJTNCJTIyJTIwYWxsb3dmdWxsc2NyZWVuJTNEJTIyJTIyJTIwbG9hZGluZyUzRCUyMmxhenklMjIlM0UlM0MlMkZpZnJhbWUlM0U=&#8221;][\/vc_column][\/vc_row][vc_row][vc_column][vc_custom_heading text=&#8221;&#8221;][\/vc_column][\/vc_row][vc_row][vc_column width=&#8221;3\/4&#8243;][vc_custom_heading text=&#8221;\u0130LET\u0130\u015e\u0130M FORMU&#8221; font_container=&#8221;tag:h2|font_size:20|text_align:left&#8221; el_class=&#8221;heading-title-3&#8243;][vc_empty_space height=&#8221;30&#8243;]<div role=\"form\" class=\"wpcf7\" id=\"wpcf7-f10-o1\" lang=\"tr-TR\" dir=\"ltr\">\n<div class=\"screen-reader-response\"><p role=\"status\" aria-live=\"polite\" aria-atomic=\"true\"><\/p> <ul><\/ul><\/div>\n<form action=\"\/index.php\/wp-json\/wp\/v2\/pages\/67#wpcf7-f10-o1\" method=\"post\" class=\"wpcf7-form init\" novalidate=\"novalidate\" data-status=\"init\">\n<div style=\"display: none;\">\n<input type=\"hidden\" name=\"_wpcf7\" value=\"10\" \/>\n<input type=\"hidden\" name=\"_wpcf7_version\" value=\"5.4.1\" \/>\n<input type=\"hidden\" name=\"_wpcf7_locale\" value=\"tr_TR\" \/>\n<input type=\"hidden\" name=\"_wpcf7_unit_tag\" value=\"wpcf7-f10-o1\" \/>\n<input type=\"hidden\" name=\"_wpcf7_container_post\" value=\"0\" \/>\n<input type=\"hidden\" name=\"_wpcf7_posted_data_hash\" value=\"\" \/>\n<\/div>\n<p><label> Ad\u0131n\u0131z<br \/>\n    <span class=\"wpcf7-form-control-wrap your-name\"><input type=\"text\" name=\"your-name\" value=\"\" size=\"40\" class=\"wpcf7-form-control wpcf7-text wpcf7-validates-as-required\" aria-required=\"true\" aria-invalid=\"false\" \/><\/span> <\/label><\/p>\n<p><label> E-posta adresiniz<br \/>\n    <span class=\"wpcf7-form-control-wrap your-email\"><input type=\"email\" name=\"your-email\" value=\"\" size=\"40\" class=\"wpcf7-form-control wpcf7-text wpcf7-email wpcf7-validates-as-required wpcf7-validates-as-email\" aria-required=\"true\" aria-invalid=\"false\" \/><\/span> <\/label><\/p>\n<p><label> Konu<br \/>\n    <span class=\"wpcf7-form-control-wrap your-subject\"><input type=\"text\" name=\"your-subject\" value=\"\" size=\"40\" class=\"wpcf7-form-control wpcf7-text wpcf7-validates-as-required\" aria-required=\"true\" aria-invalid=\"false\" \/><\/span> <\/label><\/p>\n<p><label> \u0130letiniz (tercihe ba\u011fl\u0131)<br \/>\n    <span class=\"wpcf7-form-control-wrap your-message\"><textarea name=\"your-message\" cols=\"40\" rows=\"10\" class=\"wpcf7-form-control wpcf7-textarea\" aria-invalid=\"false\"><\/textarea><\/span> <\/label><\/p>\n<p><input type=\"submit\" value=\"G\u00f6nder\" class=\"wpcf7-form-control wpcf7-submit\" \/><\/p>\n<div class=\"wpcf7-response-output\" aria-hidden=\"true\"><\/div><\/form><\/div>[\/vc_column][vc_column width=&#8221;1\/4&#8243;][vc_column_text][vc_widget_sidebar sidebar_id=&#8221;sidebar&#8221;][\/vc_column_text][\/vc_column][\/vc_row]<\/p>\n","protected":false},"excerpt":{"rendered":"<p>[vc_row css=&#8221;.vc_custom_1433565737539{margin-top: 20px !important;margin-bottom: 30px !important;}&#8221;][vc_column][vc_single_image image=&#8221;75660&#8243; img_size=&#8221;full&#8221; alignment=&#8221;center&#8221;][\/vc_column][\/vc_row][vc_row css=&#8221;.vc_custom_1624636562946{margin-bottom: 70px !important;}&#8221;][vc_column][vc_gmaps link=&#8221;#E-8_JTNDaWZyYW1lJTIwc3JjJTNEJTIyaHR0cHMlM0ElMkYlMkZ3d3cuZ29vZ2xlLmNvbSUyRm1hcHMlMkZlbWJlZCUzRnBiJTNEJTIxMW0xOCUyMTFtMTIlMjExbTMlMjExZDMwMTAuMjQyNjI0OTU3MjY3JTIxMmQyOS4wMTIwMDU2MTYyNTQ4NTQlMjEzZDQxLjAxOTk0NzUyNjY1NDA3JTIxMm0zJTIxMWYwJTIxMmYwJTIxM2YwJTIxM20yJTIxMWkxMDI0JTIxMmk3NjglMjE0ZjEzLjElMjEzbTMlMjExbTIlMjExczB4MTRjYWI4MjcwYzFmYmY2NyUyNTNBMHg0MTVmNzkzZGRkNjJhNDk1JTIxMnNBcnolMjUyME0lMjVDMyUyNUJDaGVuZGlzbGlrJTI1MjB2ZSUyNTIwTSUyNUMzJTI1QkN0ZWFoaGl0bGlrJTIxNWUwJTIxM20yJTIxMXN0ciUyMTJzdHIlMjE0djE2MjQ2MzYxODk2MzklMjE1bTIlMjExc3RyJTIxMnN0ciUyMiUyMHdpZHRoJTNEJTIyNjAwJTIyJTIwaGVpZ2h0JTNEJTIyNDUwJTIyJTIwc3R5bGUlM0QlMjJib3JkZXIlM0EwJTNCJTIyJTIwYWxsb3dmdWxsc2NyZWVuJTNEJTIyJTIyJTIwbG9hZGluZyUzRCUyMmxhenklMjIlM0UlM0MlMkZpZnJhbWUlM0U=&#8221;][\/vc_column][\/vc_row][vc_row][vc_column][vc_custom_heading text=&#8221;&#8221;][\/vc_column][\/vc_row][vc_row][vc_column width=&#8221;3\/4&#8243;][vc_custom_heading text=&#8221;\u0130LET\u0130\u015e\u0130M FORMU&#8221; font_container=&#8221;tag:h2|font_size:20|text_align:left&#8221; el_class=&#8221;heading-title-3&#8243;][vc_empty_space height=&#8221;30&#8243;][\/vc_column][vc_column width=&#8221;1\/4&#8243;][vc_column_text][vc_widget_sidebar sidebar_id=&#8221;sidebar&#8221;][\/vc_column_text][\/vc_column][\/vc_row]<\/p>\n","protected":false},"author":1,"featured_media":0,"parent":0,"menu_order":0,"comment_status":"closed","ping_status":"closed","template":"","meta":[],"yoast_head":"<!-- This site is optimized with the Yoast SEO plugin v16.5 - https:\/\/yoast.com\/wordpress\/plugins\/seo\/ -->\n<title>\u0130leti\u015fim - Arz M&uuml;hendislik<\/title>\n<meta name=\"robots\" content=\"index, follow, max-snippet:-1, max-image-preview:large, max-video-preview:-1\" \/>\n<link rel=\"canonical\" href=\"http:\/\/www.arzmuhendislik.com.tr\/index.php\/contact\/\" \/>\n<meta property=\"og:locale\" content=\"tr_TR\" \/>\n<meta property=\"og:type\" content=\"article\" \/>\n<meta property=\"og:title\" content=\"\u0130leti\u015fim - Arz M&uuml;hendislik\" \/>\n<meta property=\"og:description\" content=\"[vc_row css=&#8221;.vc_custom_1433565737539{margin-top: 20px !important;margin-bottom: 30px !important;}&#8221;][vc_column][vc_single_image image=&#8221;75660&#8243; img_size=&#8221;full&#8221; alignment=&#8221;center&#8221;][\/vc_column][\/vc_row][vc_row css=&#8221;.vc_custom_1624636562946{margin-bottom: 70px !important;}&#8221;][vc_column][vc_gmaps link=&#8221;#E-8_JTNDaWZyYW1lJTIwc3JjJTNEJTIyaHR0cHMlM0ElMkYlMkZ3d3cuZ29vZ2xlLmNvbSUyRm1hcHMlMkZlbWJlZCUzRnBiJTNEJTIxMW0xOCUyMTFtMTIlMjExbTMlMjExZDMwMTAuMjQyNjI0OTU3MjY3JTIxMmQyOS4wMTIwMDU2MTYyNTQ4NTQlMjEzZDQxLjAxOTk0NzUyNjY1NDA3JTIxMm0zJTIxMWYwJTIxMmYwJTIxM2YwJTIxM20yJTIxMWkxMDI0JTIxMmk3NjglMjE0ZjEzLjElMjEzbTMlMjExbTIlMjExczB4MTRjYWI4MjcwYzFmYmY2NyUyNTNBMHg0MTVmNzkzZGRkNjJhNDk1JTIxMnNBcnolMjUyME0lMjVDMyUyNUJDaGVuZGlzbGlrJTI1MjB2ZSUyNTIwTSUyNUMzJTI1QkN0ZWFoaGl0bGlrJTIxNWUwJTIxM20yJTIxMXN0ciUyMTJzdHIlMjE0djE2MjQ2MzYxODk2MzklMjE1bTIlMjExc3RyJTIxMnN0ciUyMiUyMHdpZHRoJTNEJTIyNjAwJTIyJTIwaGVpZ2h0JTNEJTIyNDUwJTIyJTIwc3R5bGUlM0QlMjJib3JkZXIlM0EwJTNCJTIyJTIwYWxsb3dmdWxsc2NyZWVuJTNEJTIyJTIyJTIwbG9hZGluZyUzRCUyMmxhenklMjIlM0UlM0MlMkZpZnJhbWUlM0U=&#8221;][\/vc_column][\/vc_row][vc_row][vc_column][vc_custom_heading text=&#8221;&#8221;][\/vc_column][\/vc_row][vc_row][vc_column width=&#8221;3\/4&#8243;][vc_custom_heading text=&#8221;\u0130LET\u0130\u015e\u0130M FORMU&#8221; font_container=&#8221;tag:h2|font_size:20|text_align:left&#8221; el_class=&#8221;heading-title-3&#8243;][vc_empty_space height=&#8221;30&#8243;][\/vc_column][vc_column width=&#8221;1\/4&#8243;][vc_column_text][vc_widget_sidebar sidebar_id=&#8221;sidebar&#8221;][\/vc_column_text][\/vc_column][\/vc_row]\" \/>\n<meta property=\"og:url\" content=\"http:\/\/www.arzmuhendislik.com.tr\/index.php\/contact\/\" \/>\n<meta property=\"og:site_name\" content=\"Arz M&uuml;hendislik\" \/>\n<meta property=\"article:modified_time\" content=\"2021-06-27T20:55:16+00:00\" \/>\n<meta name=\"twitter:card\" content=\"summary_large_image\" \/>\n<meta name=\"twitter:label1\" content=\"Tahmini okuma s\u00fcresi\" \/>\n\t<meta name=\"twitter:data1\" content=\"1 dakika\" \/>\n<script type=\"application\/ld+json\" class=\"yoast-schema-graph\">{\"@context\":\"https:\/\/schema.org\",\"@graph\":[{\"@type\":\"WebSite\",\"@id\":\"http:\/\/www.arzmuhendislik.com.tr\/#website\",\"url\":\"http:\/\/www.arzmuhendislik.com.tr\/\",\"name\":\"Arz M&uuml;hendislik\",\"description\":\"Do\\u011fru Tercih\",\"potentialAction\":[{\"@type\":\"SearchAction\",\"target\":\"http:\/\/www.arzmuhendislik.com.tr\/?s={search_term_string}\",\"query-input\":\"required name=search_term_string\"}],\"inLanguage\":\"tr\"},{\"@type\":\"WebPage\",\"@id\":\"http:\/\/www.arzmuhendislik.com.tr\/index.php\/contact\/#webpage\",\"url\":\"http:\/\/www.arzmuhendislik.com.tr\/index.php\/contact\/\",\"name\":\"\\u0130leti\\u015fim - Arz M&uuml;hendislik\",\"isPartOf\":{\"@id\":\"http:\/\/www.arzmuhendislik.com.tr\/#website\"},\"datePublished\":\"2015-03-02T04:39:13+00:00\",\"dateModified\":\"2021-06-27T20:55:16+00:00\",\"breadcrumb\":{\"@id\":\"http:\/\/www.arzmuhendislik.com.tr\/index.php\/contact\/#breadcrumb\"},\"inLanguage\":\"tr\",\"potentialAction\":[{\"@type\":\"ReadAction\",\"target\":[\"http:\/\/www.arzmuhendislik.com.tr\/index.php\/contact\/\"]}]},{\"@type\":\"BreadcrumbList\",\"@id\":\"http:\/\/www.arzmuhendislik.com.tr\/index.php\/contact\/#breadcrumb\",\"itemListElement\":[{\"@type\":\"ListItem\",\"position\":1,\"name\":\"Anasayfa\",\"item\":\"http:\/\/www.arzmuhendislik.com.tr\/\"},{\"@type\":\"ListItem\",\"position\":2,\"name\":\"\\u0130leti\\u015fim\"}]}]}<\/script>\n<!-- \/ Yoast SEO plugin. -->","_links":{"self":[{"href":"http:\/\/www.arzmuhendislik.com.tr\/index.php\/wp-json\/wp\/v2\/pages\/67"}],"collection":[{"href":"http:\/\/www.arzmuhendislik.com.tr\/index.php\/wp-json\/wp\/v2\/pages"}],"about":[{"href":"http:\/\/www.arzmuhendislik.com.tr\/index.php\/wp-json\/wp\/v2\/types\/page"}],"author":[{"embeddable":true,"href":"http:\/\/www.arzmuhendislik.com.tr\/index.php\/wp-json\/wp\/v2\/users\/1"}],"replies":[{"embeddable":true,"href":"http:\/\/www.arzmuhendislik.com.tr\/index.php\/wp-json\/wp\/v2\/comments?post=67"}],"version-history":[{"count":16,"href":"http:\/\/www.arzmuhendislik.com.tr\/index.php\/wp-json\/wp\/v2\/pages\/67\/revisions"}],"predecessor-version":[{"id":75788,"href":"http:\/\/www.arzmuhendislik.com.tr\/index.php\/wp-json\/wp\/v2\/pages\/67\/revisions\/75788"}],"wp:attachment":[{"href":"http:\/\/www.arzmuhendislik.com.tr\/index.php\/wp-json\/wp\/v2\/media?parent=67"}],"curies":[{"name":"wp","href":"https:\/\/api.w.org\/{rel}","templated":true}]}}