{"id":74007,"date":"2015-05-28T16:19:20","date_gmt":"2015-05-28T09:19:20","guid":{"rendered":"https:\/\/structure.thememove.com\/?page_id=74007"},"modified":"2021-07-01T13:43:15","modified_gmt":"2021-07-01T13:43:15","slug":"partnerlerimiz","status":"publish","type":"page","link":"http:\/\/www.arzmuhendislik.com.tr\/index.php\/hakkimizda\/partnerlerimiz\/","title":{"rendered":"Partnerlerimiz"},"content":{"rendered":"<p>[vc_row css=&#8221;.vc_custom_1433565737539{margin-top: 20px !important;margin-bottom: 30px !important;}&#8221;][vc_column][vc_single_image image=&#8221;75660&#8243; img_size=&#8221;full&#8221; alignment=&#8221;center&#8221;][\/vc_column][\/vc_row][vc_row css=&#8221;.vc_custom_1433565178214{margin-top: 20px !important;margin-bottom: 70px !important;}&#8221;][vc_column width=&#8221;1\/4&#8243;][vc_column_text][vc_widget_sidebar sidebar_id=&#8221;sidebar&#8221;][\/vc_column_text][\/vc_column][vc_column width=&#8221;3\/4&#8243;][vc_custom_heading text=&#8221;Partnerlerimiz&#8221; font_container=&#8221;tag:h2|text_align:left|color:%23111111&#8243; el_class=&#8221;heading-title-3&#8243;][vc_column_text css=&#8221;.vc_custom_1624825517685{margin-bottom: 30px !important;}&#8221;]Do\u011falgaz sekt\u00f6r\u00fcndeki 20 y\u0131ll\u0131k deneyimlerini, sekt\u00f6r\u00fcn \u00f6zelle\u015fmesi s\u00fcrecinde ki T\u00fcrkiye\u2019 nin hizmetine sunan 2003 y\u0131l\u0131nda kurulan ARZ M\u00dcHEND\u0130SL\u0130K geride b\u0131rakd\u0131\u011f\u0131 uzun y\u0131llarda; sekt\u00f6r\u00fcn \u00f6nemli akt\u00f6rleri ile proje partnerli\u011fi y\u00fcr\u00fctmektedir.[\/vc_column_text][vc_row_inner el_class=&#8221;our-partners&#8221; css=&#8221;.vc_custom_1432804885057{margin-bottom: 30px !important;}&#8221;][vc_column_inner width=&#8221;1\/4&#8243;][vc_column_text]<img loading=\"lazy\" class=\"alignnone size-full wp-image-75743\" src=\"http:\/\/www.arzmuhendislik.com.tr\/wp-content\/uploads\/2021\/06\/arz_partnerler-01.jpg\" alt=\"\" width=\"334\" height=\"134\" srcset=\"http:\/\/www.arzmuhendislik.com.tr\/wp-content\/uploads\/2021\/06\/arz_partnerler-01.jpg 334w, http:\/\/www.arzmuhendislik.com.tr\/wp-content\/uploads\/2021\/06\/arz_partnerler-01-300x120.jpg 300w\" sizes=\"(max-width: 334px) 100vw, 334px\" \/>[\/vc_column_text][\/vc_column_inner][vc_column_inner width=&#8221;1\/4&#8243;][vc_column_text]<img loading=\"lazy\" class=\"alignnone size-full wp-image-75744\" src=\"http:\/\/www.arzmuhendislik.com.tr\/wp-content\/uploads\/2021\/06\/arz_partnerler-02.jpg\" alt=\"\" width=\"334\" height=\"134\" srcset=\"http:\/\/www.arzmuhendislik.com.tr\/wp-content\/uploads\/2021\/06\/arz_partnerler-02.jpg 334w, http:\/\/www.arzmuhendislik.com.tr\/wp-content\/uploads\/2021\/06\/arz_partnerler-02-300x120.jpg 300w\" sizes=\"(max-width: 334px) 100vw, 334px\" \/>[\/vc_column_text][\/vc_column_inner][vc_column_inner width=&#8221;1\/4&#8243;][vc_column_text]<img loading=\"lazy\" class=\"alignnone size-full wp-image-75745\" src=\"http:\/\/www.arzmuhendislik.com.tr\/wp-content\/uploads\/2021\/06\/arz_partnerler-03.jpg\" alt=\"\" width=\"334\" height=\"134\" srcset=\"http:\/\/www.arzmuhendislik.com.tr\/wp-content\/uploads\/2021\/06\/arz_partnerler-03.jpg 334w, http:\/\/www.arzmuhendislik.com.tr\/wp-content\/uploads\/2021\/06\/arz_partnerler-03-300x120.jpg 300w\" sizes=\"(max-width: 334px) 100vw, 334px\" \/>[\/vc_column_text][\/vc_column_inner][vc_column_inner width=&#8221;1\/4&#8243;][vc_column_text]<img loading=\"lazy\" class=\"alignnone size-full wp-image-75746\" src=\"http:\/\/www.arzmuhendislik.com.tr\/wp-content\/uploads\/2021\/06\/arz_partnerler-04.jpg\" alt=\"\" width=\"334\" height=\"134\" srcset=\"http:\/\/www.arzmuhendislik.com.tr\/wp-content\/uploads\/2021\/06\/arz_partnerler-04.jpg 334w, http:\/\/www.arzmuhendislik.com.tr\/wp-content\/uploads\/2021\/06\/arz_partnerler-04-300x120.jpg 300w\" sizes=\"(max-width: 334px) 100vw, 334px\" \/>[\/vc_column_text][\/vc_column_inner][\/vc_row_inner][vc_row_inner el_class=&#8221;our-partners&#8221; css=&#8221;.vc_custom_1432804885057{margin-bottom: 30px !important;}&#8221;][vc_column_inner width=&#8221;1\/4&#8243;][vc_column_text]<img loading=\"lazy\" class=\"alignnone size-full wp-image-75747\" src=\"http:\/\/www.arzmuhendislik.com.tr\/wp-content\/uploads\/2021\/06\/arz_partnerler-05.jpg\" alt=\"\" width=\"334\" height=\"134\" srcset=\"http:\/\/www.arzmuhendislik.com.tr\/wp-content\/uploads\/2021\/06\/arz_partnerler-05.jpg 334w, http:\/\/www.arzmuhendislik.com.tr\/wp-content\/uploads\/2021\/06\/arz_partnerler-05-300x120.jpg 300w\" sizes=\"(max-width: 334px) 100vw, 334px\" \/>[\/vc_column_text][\/vc_column_inner][vc_column_inner width=&#8221;1\/4&#8243;][vc_column_text]<img loading=\"lazy\" class=\"alignnone size-full wp-image-75748\" src=\"http:\/\/www.arzmuhendislik.com.tr\/wp-content\/uploads\/2021\/06\/arz_partnerler-06.jpg\" alt=\"\" width=\"334\" height=\"134\" srcset=\"http:\/\/www.arzmuhendislik.com.tr\/wp-content\/uploads\/2021\/06\/arz_partnerler-06.jpg 334w, http:\/\/www.arzmuhendislik.com.tr\/wp-content\/uploads\/2021\/06\/arz_partnerler-06-300x120.jpg 300w\" sizes=\"(max-width: 334px) 100vw, 334px\" \/>[\/vc_column_text][\/vc_column_inner][vc_column_inner width=&#8221;1\/4&#8243;][vc_column_text]<img loading=\"lazy\" class=\"alignnone size-full wp-image-75749\" src=\"http:\/\/www.arzmuhendislik.com.tr\/wp-content\/uploads\/2021\/06\/arz_partnerler-07.jpg\" alt=\"\" width=\"334\" height=\"134\" srcset=\"http:\/\/www.arzmuhendislik.com.tr\/wp-content\/uploads\/2021\/06\/arz_partnerler-07.jpg 334w, http:\/\/www.arzmuhendislik.com.tr\/wp-content\/uploads\/2021\/06\/arz_partnerler-07-300x120.jpg 300w\" sizes=\"(max-width: 334px) 100vw, 334px\" \/>[\/vc_column_text][\/vc_column_inner][vc_column_inner width=&#8221;1\/4&#8243;][vc_column_text]<img loading=\"lazy\" class=\"alignnone size-full wp-image-75750\" src=\"http:\/\/www.arzmuhendislik.com.tr\/wp-content\/uploads\/2021\/06\/arz_partnerler-08.jpg\" alt=\"\" width=\"334\" height=\"134\" srcset=\"http:\/\/www.arzmuhendislik.com.tr\/wp-content\/uploads\/2021\/06\/arz_partnerler-08.jpg 334w, http:\/\/www.arzmuhendislik.com.tr\/wp-content\/uploads\/2021\/06\/arz_partnerler-08-300x120.jpg 300w\" sizes=\"(max-width: 334px) 100vw, 334px\" \/>[\/vc_column_text][\/vc_column_inner][\/vc_row_inner][vc_row_inner el_class=&#8221;our-partners&#8221; css=&#8221;.vc_custom_1432804885057{margin-bottom: 30px !important;}&#8221;][vc_column_inner width=&#8221;1\/4&#8243;][vc_column_text]<img loading=\"lazy\" class=\"alignnone size-full wp-image-75751\" src=\"http:\/\/www.arzmuhendislik.com.tr\/wp-content\/uploads\/2021\/06\/arz_partnerler-09.jpg\" alt=\"\" width=\"334\" height=\"134\" srcset=\"http:\/\/www.arzmuhendislik.com.tr\/wp-content\/uploads\/2021\/06\/arz_partnerler-09.jpg 334w, http:\/\/www.arzmuhendislik.com.tr\/wp-content\/uploads\/2021\/06\/arz_partnerler-09-300x120.jpg 300w\" sizes=\"(max-width: 334px) 100vw, 334px\" \/>[\/vc_column_text][\/vc_column_inner][vc_column_inner width=&#8221;1\/4&#8243;][vc_column_text]<img loading=\"lazy\" class=\"alignnone size-full wp-image-75752\" src=\"http:\/\/www.arzmuhendislik.com.tr\/wp-content\/uploads\/2021\/06\/arz_partnerler-10.jpg\" alt=\"\" width=\"334\" height=\"134\" srcset=\"http:\/\/www.arzmuhendislik.com.tr\/wp-content\/uploads\/2021\/06\/arz_partnerler-10.jpg 334w, http:\/\/www.arzmuhendislik.com.tr\/wp-content\/uploads\/2021\/06\/arz_partnerler-10-300x120.jpg 300w\" sizes=\"(max-width: 334px) 100vw, 334px\" \/>[\/vc_column_text][\/vc_column_inner][vc_column_inner width=&#8221;1\/4&#8243;][vc_column_text]<img loading=\"lazy\" class=\"alignnone size-full wp-image-75753\" src=\"http:\/\/www.arzmuhendislik.com.tr\/wp-content\/uploads\/2021\/06\/arz_partnerler-11.jpg\" alt=\"\" width=\"334\" height=\"134\" srcset=\"http:\/\/www.arzmuhendislik.com.tr\/wp-content\/uploads\/2021\/06\/arz_partnerler-11.jpg 334w, http:\/\/www.arzmuhendislik.com.tr\/wp-content\/uploads\/2021\/06\/arz_partnerler-11-300x120.jpg 300w\" sizes=\"(max-width: 334px) 100vw, 334px\" \/>[\/vc_column_text][\/vc_column_inner][vc_column_inner width=&#8221;1\/4&#8243;][vc_column_text]<img loading=\"lazy\" class=\"alignnone size-full wp-image-75754\" src=\"http:\/\/www.arzmuhendislik.com.tr\/wp-content\/uploads\/2021\/06\/arz_partnerler-12.jpg\" alt=\"\" width=\"334\" height=\"134\" srcset=\"http:\/\/www.arzmuhendislik.com.tr\/wp-content\/uploads\/2021\/06\/arz_partnerler-12.jpg 334w, http:\/\/www.arzmuhendislik.com.tr\/wp-content\/uploads\/2021\/06\/arz_partnerler-12-300x120.jpg 300w\" sizes=\"(max-width: 334px) 100vw, 334px\" \/>[\/vc_column_text][\/vc_column_inner][\/vc_row_inner][vc_row_inner el_class=&#8221;our-partners&#8221; css=&#8221;.vc_custom_1432804885057{margin-bottom: 30px !important;}&#8221;][vc_column_inner width=&#8221;1\/4&#8243;][vc_column_text]<img loading=\"lazy\" class=\"alignnone size-full wp-image-75755\" src=\"http:\/\/www.arzmuhendislik.com.tr\/wp-content\/uploads\/2021\/06\/arz_partnerler-13.jpg\" alt=\"\" width=\"334\" height=\"134\" srcset=\"http:\/\/www.arzmuhendislik.com.tr\/wp-content\/uploads\/2021\/06\/arz_partnerler-13.jpg 334w, http:\/\/www.arzmuhendislik.com.tr\/wp-content\/uploads\/2021\/06\/arz_partnerler-13-300x120.jpg 300w\" sizes=\"(max-width: 334px) 100vw, 334px\" \/>[\/vc_column_text][\/vc_column_inner][vc_column_inner width=&#8221;1\/4&#8243;][vc_column_text]<img loading=\"lazy\" class=\"alignnone size-full wp-image-75756\" src=\"http:\/\/www.arzmuhendislik.com.tr\/wp-content\/uploads\/2021\/06\/arz_partnerler-14.jpg\" alt=\"\" width=\"334\" height=\"134\" srcset=\"http:\/\/www.arzmuhendislik.com.tr\/wp-content\/uploads\/2021\/06\/arz_partnerler-14.jpg 334w, http:\/\/www.arzmuhendislik.com.tr\/wp-content\/uploads\/2021\/06\/arz_partnerler-14-300x120.jpg 300w\" sizes=\"(max-width: 334px) 100vw, 334px\" \/>[\/vc_column_text][\/vc_column_inner][vc_column_inner width=&#8221;1\/4&#8243;][vc_column_text]<img loading=\"lazy\" class=\"alignnone size-full wp-image-75800\" src=\"http:\/\/www.arzmuhendislik.com.tr\/wp-content\/uploads\/2021\/07\/arz_partnerler-15.jpg\" alt=\"\" width=\"334\" height=\"134\" srcset=\"http:\/\/www.arzmuhendislik.com.tr\/wp-content\/uploads\/2021\/07\/arz_partnerler-15.jpg 334w, http:\/\/www.arzmuhendislik.com.tr\/wp-content\/uploads\/2021\/07\/arz_partnerler-15-300x120.jpg 300w\" sizes=\"(max-width: 334px) 100vw, 334px\" \/>[\/vc_column_text][\/vc_column_inner][vc_column_inner width=&#8221;1\/4&#8243;][vc_column_text]<img loading=\"lazy\" class=\"alignnone size-full wp-image-75801\" src=\"http:\/\/www.arzmuhendislik.com.tr\/wp-content\/uploads\/2021\/07\/arz_partnerler-17.jpg\" alt=\"\" width=\"334\" height=\"134\" srcset=\"http:\/\/www.arzmuhendislik.com.tr\/wp-content\/uploads\/2021\/07\/arz_partnerler-17.jpg 334w, http:\/\/www.arzmuhendislik.com.tr\/wp-content\/uploads\/2021\/07\/arz_partnerler-17-300x120.jpg 300w\" sizes=\"(max-width: 334px) 100vw, 334px\" \/>[\/vc_column_text][\/vc_column_inner][\/vc_row_inner][vc_row_inner el_class=&#8221;our-partners&#8221; css=&#8221;.vc_custom_1432804885057{margin-bottom: 30px !important;}&#8221;][vc_column_inner width=&#8221;1\/4&#8243;][vc_column_text]<img loading=\"lazy\" class=\"alignnone size-full wp-image-75802\" src=\"http:\/\/www.arzmuhendislik.com.tr\/wp-content\/uploads\/2021\/07\/arz_partnerler-16.jpg\" alt=\"\" width=\"334\" height=\"134\" srcset=\"http:\/\/www.arzmuhendislik.com.tr\/wp-content\/uploads\/2021\/07\/arz_partnerler-16.jpg 334w, http:\/\/www.arzmuhendislik.com.tr\/wp-content\/uploads\/2021\/07\/arz_partnerler-16-300x120.jpg 300w\" sizes=\"(max-width: 334px) 100vw, 334px\" \/>[\/vc_column_text][\/vc_column_inner][\/vc_row_inner][\/vc_column][\/vc_row][vc_row][vc_column][vc_empty_space height=&#8221;70px&#8221;][\/vc_column][\/vc_row]<\/p>\n","protected":false},"excerpt":{"rendered":"<p>[vc_row css=&#8221;.vc_custom_1433565737539{margin-top: 20px !important;margin-bottom: 30px !important;}&#8221;][vc_column][vc_single_image image=&#8221;75660&#8243; img_size=&#8221;full&#8221; alignment=&#8221;center&#8221;][\/vc_column][\/vc_row][vc_row css=&#8221;.vc_custom_1433565178214{margin-top: 20px !important;margin-bottom: 70px !important;}&#8221;][vc_column width=&#8221;1\/4&#8243;][vc_column_text][vc_widget_sidebar sidebar_id=&#8221;sidebar&#8221;][\/vc_column_text][\/vc_column][vc_column width=&#8221;3\/4&#8243;][vc_custom_heading text=&#8221;Partnerlerimiz&#8221; font_container=&#8221;tag:h2|text_align:left|color:%23111111&#8243; el_class=&#8221;heading-title-3&#8243;][vc_column_text css=&#8221;.vc_custom_1624825517685{margin-bottom: 30px !important;}&#8221;]Do\u011falgaz sekt\u00f6r\u00fcndeki 20 y\u0131ll\u0131k deneyimlerini, sekt\u00f6r\u00fcn \u00f6zelle\u015fmesi s\u00fcrecinde ki T\u00fcrkiye\u2019 nin hizmetine sunan 2003 y\u0131l\u0131nda kurulan ARZ M\u00dcHEND\u0130SL\u0130K geride b\u0131rakd\u0131\u011f\u0131 uzun y\u0131llarda; sekt\u00f6r\u00fcn \u00f6nemli akt\u00f6rleri ile proje partnerli\u011fi y\u00fcr\u00fctmektedir.[\/vc_column_text][vc_row_inner el_class=&#8221;our-partners&#8221; css=&#8221;.vc_custom_1432804885057{margin-bottom: 30px !important;}&#8221;][vc_column_inner [&hellip;]<\/p>\n","protected":false},"author":1,"featured_media":0,"parent":61,"menu_order":0,"comment_status":"closed","ping_status":"closed","template":"","meta":[],"yoast_head":"<!-- This site is optimized with the Yoast SEO plugin v16.5 - https:\/\/yoast.com\/wordpress\/plugins\/seo\/ -->\n<title>Partnerlerimiz - Arz M&uuml;hendislik<\/title>\n<meta name=\"robots\" content=\"index, follow, max-snippet:-1, max-image-preview:large, max-video-preview:-1\" \/>\n<link rel=\"canonical\" href=\"https:\/\/www.arzmuhendislik.com.tr\/index.php\/hakkimizda\/partnerlerimiz\/\" \/>\n<meta property=\"og:locale\" content=\"tr_TR\" \/>\n<meta property=\"og:type\" content=\"article\" \/>\n<meta property=\"og:title\" content=\"Partnerlerimiz - Arz M&uuml;hendislik\" \/>\n<meta property=\"og:description\" content=\"[vc_row css=&#8221;.vc_custom_1433565737539{margin-top: 20px !important;margin-bottom: 30px !important;}&#8221;][vc_column][vc_single_image image=&#8221;75660&#8243; img_size=&#8221;full&#8221; alignment=&#8221;center&#8221;][\/vc_column][\/vc_row][vc_row css=&#8221;.vc_custom_1433565178214{margin-top: 20px !important;margin-bottom: 70px !important;}&#8221;][vc_column width=&#8221;1\/4&#8243;][vc_column_text][vc_widget_sidebar sidebar_id=&#8221;sidebar&#8221;][\/vc_column_text][\/vc_column][vc_column width=&#8221;3\/4&#8243;][vc_custom_heading text=&#8221;Partnerlerimiz&#8221; font_container=&#8221;tag:h2|text_align:left|color:%23111111&#8243; el_class=&#8221;heading-title-3&#8243;][vc_column_text css=&#8221;.vc_custom_1624825517685{margin-bottom: 30px !important;}&#8221;]Do\u011falgaz sekt\u00f6r\u00fcndeki 20 y\u0131ll\u0131k deneyimlerini, sekt\u00f6r\u00fcn \u00f6zelle\u015fmesi s\u00fcrecinde ki T\u00fcrkiye\u2019 nin hizmetine sunan 2003 y\u0131l\u0131nda kurulan ARZ M\u00dcHEND\u0130SL\u0130K geride b\u0131rakd\u0131\u011f\u0131 uzun y\u0131llarda; sekt\u00f6r\u00fcn \u00f6nemli akt\u00f6rleri ile proje partnerli\u011fi y\u00fcr\u00fctmektedir.[\/vc_column_text][vc_row_inner el_class=&#8221;our-partners&#8221; css=&#8221;.vc_custom_1432804885057{margin-bottom: 30px !important;}&#8221;][vc_column_inner [&hellip;]\" \/>\n<meta property=\"og:url\" content=\"https:\/\/www.arzmuhendislik.com.tr\/index.php\/hakkimizda\/partnerlerimiz\/\" \/>\n<meta property=\"og:site_name\" content=\"Arz M&uuml;hendislik\" \/>\n<meta property=\"article:modified_time\" content=\"2021-07-01T13:43:15+00:00\" \/>\n<meta property=\"og:image\" content=\"http:\/\/www.arzmuhendislik.com.tr\/wp-content\/uploads\/2021\/06\/arz_partnerler-01.jpg\" \/>\n<meta name=\"twitter:card\" content=\"summary_large_image\" \/>\n<meta name=\"twitter:label1\" content=\"Tahmini okuma s\u00fcresi\" \/>\n\t<meta name=\"twitter:data1\" content=\"4 dakika\" \/>\n<script type=\"application\/ld+json\" class=\"yoast-schema-graph\">{\"@context\":\"https:\/\/schema.org\",\"@graph\":[{\"@type\":\"WebSite\",\"@id\":\"http:\/\/www.arzmuhendislik.com.tr\/#website\",\"url\":\"http:\/\/www.arzmuhendislik.com.tr\/\",\"name\":\"Arz M&uuml;hendislik\",\"description\":\"Do\\u011fru Tercih\",\"potentialAction\":[{\"@type\":\"SearchAction\",\"target\":\"http:\/\/www.arzmuhendislik.com.tr\/?s={search_term_string}\",\"query-input\":\"required name=search_term_string\"}],\"inLanguage\":\"tr\"},{\"@type\":\"ImageObject\",\"@id\":\"https:\/\/www.arzmuhendislik.com.tr\/index.php\/hakkimizda\/partnerlerimiz\/#primaryimage\",\"inLanguage\":\"tr\",\"url\":\"http:\/\/www.arzmuhendislik.com.tr\/wp-content\/uploads\/2021\/06\/arz_partnerler-01.jpg\",\"contentUrl\":\"http:\/\/www.arzmuhendislik.com.tr\/wp-content\/uploads\/2021\/06\/arz_partnerler-01.jpg\",\"width\":334,\"height\":134},{\"@type\":\"WebPage\",\"@id\":\"https:\/\/www.arzmuhendislik.com.tr\/index.php\/hakkimizda\/partnerlerimiz\/#webpage\",\"url\":\"https:\/\/www.arzmuhendislik.com.tr\/index.php\/hakkimizda\/partnerlerimiz\/\",\"name\":\"Partnerlerimiz - Arz M&uuml;hendislik\",\"isPartOf\":{\"@id\":\"http:\/\/www.arzmuhendislik.com.tr\/#website\"},\"primaryImageOfPage\":{\"@id\":\"https:\/\/www.arzmuhendislik.com.tr\/index.php\/hakkimizda\/partnerlerimiz\/#primaryimage\"},\"datePublished\":\"2015-05-28T09:19:20+00:00\",\"dateModified\":\"2021-07-01T13:43:15+00:00\",\"breadcrumb\":{\"@id\":\"https:\/\/www.arzmuhendislik.com.tr\/index.php\/hakkimizda\/partnerlerimiz\/#breadcrumb\"},\"inLanguage\":\"tr\",\"potentialAction\":[{\"@type\":\"ReadAction\",\"target\":[\"https:\/\/www.arzmuhendislik.com.tr\/index.php\/hakkimizda\/partnerlerimiz\/\"]}]},{\"@type\":\"BreadcrumbList\",\"@id\":\"https:\/\/www.arzmuhendislik.com.tr\/index.php\/hakkimizda\/partnerlerimiz\/#breadcrumb\",\"itemListElement\":[{\"@type\":\"ListItem\",\"position\":1,\"name\":\"Anasayfa\",\"item\":\"http:\/\/www.arzmuhendislik.com.tr\/\"},{\"@type\":\"ListItem\",\"position\":2,\"name\":\"Hakk\\u0131m\\u0131zda\",\"item\":\"https:\/\/www.arzmuhendislik.com.tr\/index.php\/hakkimizda\/\"},{\"@type\":\"ListItem\",\"position\":3,\"name\":\"Partnerlerimiz\"}]}]}<\/script>\n<!-- \/ Yoast SEO plugin. -->","_links":{"self":[{"href":"http:\/\/www.arzmuhendislik.com.tr\/index.php\/wp-json\/wp\/v2\/pages\/74007"}],"collection":[{"href":"http:\/\/www.arzmuhendislik.com.tr\/index.php\/wp-json\/wp\/v2\/pages"}],"about":[{"href":"http:\/\/www.arzmuhendislik.com.tr\/index.php\/wp-json\/wp\/v2\/types\/page"}],"author":[{"embeddable":true,"href":"http:\/\/www.arzmuhendislik.com.tr\/index.php\/wp-json\/wp\/v2\/users\/1"}],"replies":[{"embeddable":true,"href":"http:\/\/www.arzmuhendislik.com.tr\/index.php\/wp-json\/wp\/v2\/comments?post=74007"}],"version-history":[{"count":8,"href":"http:\/\/www.arzmuhendislik.com.tr\/index.php\/wp-json\/wp\/v2\/pages\/74007\/revisions"}],"predecessor-version":[{"id":75804,"href":"http:\/\/www.arzmuhendislik.com.tr\/index.php\/wp-json\/wp\/v2\/pages\/74007\/revisions\/75804"}],"up":[{"embeddable":true,"href":"http:\/\/www.arzmuhendislik.com.tr\/index.php\/wp-json\/wp\/v2\/pages\/61"}],"wp:attachment":[{"href":"http:\/\/www.arzmuhendislik.com.tr\/index.php\/wp-json\/wp\/v2\/media?parent=74007"}],"curies":[{"name":"wp","href":"https:\/\/api.w.org\/{rel}","templated":true}]}}