{"id":75809,"date":"2021-07-03T12:14:32","date_gmt":"2021-07-03T12:14:32","guid":{"rendered":"http:\/\/www.arzmuhendislik.com.tr\/?page_id=75809"},"modified":"2021-07-03T13:33:51","modified_gmt":"2021-07-03T13:33:51","slug":"devam-eden-projeler","status":"publish","type":"page","link":"http:\/\/www.arzmuhendislik.com.tr\/index.php\/devam-eden-projeler\/","title":{"rendered":"Devam Eden Projeler"},"content":{"rendered":"<p>[vc_row css=&#8221;.vc_custom_1433565737539{margin-top: 20px !important;margin-bottom: 30px !important;}&#8221;][vc_column][vc_single_image image=&#8221;75660&#8243; img_size=&#8221;full&#8221; alignment=&#8221;center&#8221;][\/vc_column][\/vc_row][vc_row css=&#8221;.vc_custom_1433565737539{margin-top: 20px !important;margin-bottom: 30px !important;}&#8221;][vc_column][vc_custom_heading text=&#8221;Devam Eden Projeler&#8221; font_container=&#8221;tag:h1|font_size:20|text_align:left&#8221; el_class=&#8221;heading-title-3&#8243;][vc_row_inner el_class=&#8221;price-table align-center&#8221;][vc_column_inner width=&#8221;1\/3&#8243;][vc_column_text el_class=&#8221;price&#8221;]<\/p>\n<h3 style=\"text-align: center;\">Elaz\u0131\u011f (2007-)<\/h3>\n<p>[\/vc_column_text][vc_column_text el_class=&#8221;price-content&#8221;]Yap\u0131m Kontrol M\u00fc\u015favirli\u011fi<\/p>\n<h4>Aksa Holding<\/h4>\n<p>[\/vc_column_text][\/vc_column_inner][vc_column_inner width=&#8221;1\/3&#8243;][vc_column_text el_class=&#8221;price&#8221; css=&#8221;.vc_custom_1625315379961{background-color: #0099a8 !important;}&#8221;]<\/p>\n<h3 style=\"text-align: center;\">Ad\u0131yaman (2007-)<\/h3>\n<p>[\/vc_column_text][vc_column_text el_class=&#8221;price-content&#8221;]<\/p>\n<p style=\"text-align: center;\">Yap\u0131m Kontrol M\u00fc\u015favirli\u011fi<\/p>\n<h4 style=\"text-align: center;\">Akmercangaz<\/h4>\n<p>[\/vc_column_text][\/vc_column_inner][vc_column_inner width=&#8221;1\/3&#8243;][vc_column_text el_class=&#8221;price&#8221;]<\/p>\n<h3 style=\"text-align: center;\">Siirt &#8211; Batman (2010-)<\/h3>\n<p>[\/vc_column_text][vc_column_text el_class=&#8221;price-content&#8221;]Yap\u0131m Kontrol M\u00fc\u015favirli\u011fi<\/p>\n<h4 style=\"text-align: center;\">Aksa Holding<\/h4>\n<p>[\/vc_column_text][\/vc_column_inner][\/vc_row_inner][vc_row_inner el_class=&#8221;price-table align-center&#8221;][vc_column_inner width=&#8221;1\/3&#8243;][vc_column_text el_class=&#8221;price&#8221; css=&#8221;.vc_custom_1625315495365{background-color: #0099a8 !important;}&#8221;]<\/p>\n<h3 style=\"text-align: center;\">Geyve, Alifuatpa\u015fa, Pamukova (2011-)<\/h3>\n<p>[\/vc_column_text][vc_column_text el_class=&#8221;price-content&#8221;]Yap\u0131m Kontrol M\u00fc\u015favirli\u011fi<br \/>\nDo\u011falgaz Avan ve Tatbikat Projeleri Haz\u0131rlanmas\u0131<\/p>\n<h4>Akmercan Gepa<\/h4>\n<p>[\/vc_column_text][\/vc_column_inner][vc_column_inner width=&#8221;1\/3&#8243;][vc_column_text el_class=&#8221;price&#8221;]<\/p>\n<h3 style=\"text-align: center;\">Bafra, Vezirk\u00f6pr\u00fc, Havza, Ladik (2011-)<\/h3>\n<p>[\/vc_column_text][vc_column_text el_class=&#8221;price-content&#8221;]<\/p>\n<p style=\"text-align: center;\">Yap\u0131m Kontrol M\u00fc\u015favirli\u011fi<br \/>\nDo\u011falgaz Avan ve Tatbikat Projeleri Haz\u0131rlanmas\u0131<\/p>\n<h4 style=\"text-align: center;\">Akmercan Delta<\/h4>\n<p>[\/vc_column_text][\/vc_column_inner][vc_column_inner width=&#8221;1\/3&#8243;][vc_column_text el_class=&#8221;price&#8221; css=&#8221;.vc_custom_1625315608823{background-color: #0099a8 !important;}&#8221;]<\/p>\n<h3 style=\"text-align: center;\">Zonguldak &#8211; Bart\u0131n (2012-)<\/h3>\n<p>[\/vc_column_text][vc_column_text el_class=&#8221;price-content&#8221;]Yap\u0131m Kontrol M\u00fc\u015favirli\u011fi<\/p>\n<h4 style=\"text-align: center;\">Akmercan Zonguldak<\/h4>\n<p>[\/vc_column_text][\/vc_column_inner][\/vc_row_inner][vc_row_inner el_class=&#8221;price-table align-center&#8221;][vc_column_inner width=&#8221;1\/3&#8243;][vc_column_text el_class=&#8221;price&#8221;]<\/p>\n<h3 style=\"text-align: center;\">Sivas (2013-)<\/h3>\n<p>[\/vc_column_text][vc_column_text el_class=&#8221;price-content&#8221;]Yap\u0131m Kontrol M\u00fc\u015favirli\u011fi<\/p>\n<h4>Aksa Holding<\/h4>\n<p>[\/vc_column_text][\/vc_column_inner][vc_column_inner width=&#8221;1\/3&#8243;][vc_column_text el_class=&#8221;price&#8221; css=&#8221;.vc_custom_1625319102380{background-color: #0099a8 !important;}&#8221;]<\/p>\n<h3 style=\"text-align: center;\">Ankara (2013-)<\/h3>\n<p>[\/vc_column_text][vc_column_text el_class=&#8221;price-content&#8221;]Yap\u0131m Kontrol M\u00fc\u015favirli\u011fi (2 S\u00f6zle\u015fme)<\/p>\n<h4 style=\"text-align: center;\">Ba\u015fkentgaz<\/h4>\n<p>[\/vc_column_text][\/vc_column_inner][vc_column_inner width=&#8221;1\/3&#8243;][vc_column_text el_class=&#8221;price&#8221;]<\/p>\n<h3 style=\"text-align: center;\">Mu\u011fla (2014-)<\/h3>\n<p>[\/vc_column_text][vc_column_text el_class=&#8221;price-content&#8221;]Yap\u0131m Kontrol M\u00fc\u015favirli\u011fi<\/p>\n<h4>Akmercan Mu\u011fla<\/h4>\n<p>[\/vc_column_text][\/vc_column_inner][\/vc_row_inner][vc_row_inner el_class=&#8221;price-table align-center&#8221;][vc_column_inner width=&#8221;1\/3&#8243;][vc_column_text el_class=&#8221;price&#8221; css=&#8221;.vc_custom_1625319119177{background-color: #0099a8 !important;}&#8221;]<\/p>\n<h3 style=\"text-align: center;\">Mardin (2015-)<\/h3>\n<p>[\/vc_column_text][vc_column_text el_class=&#8221;price-content&#8221;]<\/p>\n<p style=\"text-align: center;\">Yap\u0131m Kontrol M\u00fc\u015favirli\u011fi<\/p>\n<h4 style=\"text-align: center;\">Akmercan Mardin<\/h4>\n<p>[\/vc_column_text][\/vc_column_inner][vc_column_inner width=&#8221;1\/3&#8243;][vc_column_text el_class=&#8221;price&#8221;]<\/p>\n<h3 style=\"text-align: center;\">Sinop (2015-)<\/h3>\n<p>[\/vc_column_text][vc_column_text el_class=&#8221;price-content&#8221;]Yap\u0131m Kontrol M\u00fc\u015favirli\u011fi<\/p>\n<h4 style=\"text-align: center;\">Akmercan Sinop<\/h4>\n<p>[\/vc_column_text][\/vc_column_inner][vc_column_inner width=&#8221;1\/3&#8243;][vc_column_text el_class=&#8221;price&#8221; css=&#8221;.vc_custom_1625319132136{background-color: #0099a8 !important;}&#8221;]<\/p>\n<h3 style=\"text-align: center;\">Eski\u015fehir (2017-)<\/h3>\n<p>[\/vc_column_text][vc_column_text el_class=&#8221;price-content&#8221;]Yap\u0131m Kontrol M\u00fc\u015favirli\u011fi<\/p>\n<h4>Esgaz<\/h4>\n<p>[\/vc_column_text][\/vc_column_inner][\/vc_row_inner][vc_row_inner el_class=&#8221;price-table align-center&#8221;][vc_column_inner width=&#8221;1\/3&#8243;][vc_column_text el_class=&#8221;price&#8221;]<\/p>\n<h3 style=\"text-align: center;\">\u0130neg\u00f6l (2018-)<\/h3>\n<p>[\/vc_column_text][vc_column_text el_class=&#8221;price-content&#8221;]<\/p>\n<p style=\"text-align: center;\">Yap\u0131m Kontrol M\u00fc\u015favirli\u011fi<\/p>\n<h4 style=\"text-align: center;\">\u0130ngaz<\/h4>\n<p>[\/vc_column_text][\/vc_column_inner][vc_column_inner width=&#8221;1\/3&#8243;][vc_column_text el_class=&#8221;price&#8221; css=&#8221;.vc_custom_1625319169914{background-color: #0099a8 !important;}&#8221;]<\/p>\n<h3 style=\"text-align: center;\">Tunceli (2018-)<\/h3>\n<p>[\/vc_column_text][vc_column_text el_class=&#8221;price-content&#8221;]Yap\u0131m Kontrol M\u00fc\u015favirli\u011fi<\/p>\n<h4 style=\"text-align: center;\">Akmercan Tunceli<\/h4>\n<p>[\/vc_column_text][\/vc_column_inner][vc_column_inner width=&#8221;1\/3&#8243;][vc_column_text el_class=&#8221;price&#8221;]<\/p>\n<h3 style=\"text-align: center;\">Bal\u0131kesir (2019-)<\/h3>\n<p>[\/vc_column_text][vc_column_text el_class=&#8221;price-content&#8221;]Yap\u0131m Kontrol M\u00fc\u015favirli\u011fi<\/p>\n<h4>Aksa Holding<\/h4>\n<p>[\/vc_column_text][\/vc_column_inner][\/vc_row_inner][vc_row_inner el_class=&#8221;price-table align-center&#8221;][vc_column_inner width=&#8221;1\/3&#8243;][vc_column_text el_class=&#8221;price&#8221; css=&#8221;.vc_custom_1625319186932{background-color: #0099a8 !important;}&#8221;]<\/p>\n<h3 style=\"text-align: center;\">Band\u0131rma (2019-)<\/h3>\n<p>[\/vc_column_text][vc_column_text el_class=&#8221;price-content&#8221;]<\/p>\n<p style=\"text-align: center;\">Yap\u0131m Kontrol M\u00fc\u015favirli\u011fi<\/p>\n<h4 style=\"text-align: center;\">Aksa Holding<\/h4>\n<p>[\/vc_column_text][\/vc_column_inner][vc_column_inner width=&#8221;1\/3&#8243;][vc_column_text el_class=&#8221;price&#8221;]<\/p>\n<h3 style=\"text-align: center;\">Aksaray (2021-)<\/h3>\n<p>[\/vc_column_text][vc_column_text el_class=&#8221;price-content&#8221;]Yap\u0131m Kontrol M\u00fc\u015favirli\u011fi<\/p>\n<h4 style=\"text-align: center;\">Enerya<\/h4>\n<p>[\/vc_column_text][\/vc_column_inner][vc_column_inner width=&#8221;1\/3&#8243;][vc_column_text el_class=&#8221;price&#8221; css=&#8221;.vc_custom_1625319201442{background-color: #0099a8 !important;}&#8221;]<\/p>\n<h3 style=\"text-align: center;\">Ni\u011fde &#8211; Nev\u015fehir (2021-)<\/h3>\n<p>[\/vc_column_text][vc_column_text el_class=&#8221;price-content&#8221;]Yap\u0131m Kontrol M\u00fc\u015favirli\u011fi<\/p>\n<h4>Enerya<\/h4>\n<p>[\/vc_column_text][\/vc_column_inner][\/vc_row_inner][vc_row_inner el_class=&#8221;price-table align-center&#8221;][vc_column_inner width=&#8221;1\/3&#8243;][vc_column_text el_class=&#8221;price&#8221;]<\/p>\n<h3 style=\"text-align: center;\">Konya (2021-)<\/h3>\n<p>[\/vc_column_text][vc_column_text el_class=&#8221;price-content&#8221;]<\/p>\n<p style=\"text-align: center;\">Yap\u0131m Kontrol M\u00fc\u015favirli\u011fi<\/p>\n<h4 style=\"text-align: center;\">Enerya<\/h4>\n<p>[\/vc_column_text][\/vc_column_inner][vc_column_inner width=&#8221;1\/3&#8243;][vc_column_text el_class=&#8221;price&#8221; css=&#8221;.vc_custom_1625319214757{background-color: #0099a8 !important;}&#8221;]<\/p>\n<h3 style=\"text-align: center;\">Ere\u011fli (2021-)<\/h3>\n<p>[\/vc_column_text][vc_column_text el_class=&#8221;price-content&#8221;]Yap\u0131m Kontrol M\u00fc\u015favirli\u011fi<\/p>\n<h4 style=\"text-align: center;\">Enerya<\/h4>\n<p>[\/vc_column_text][\/vc_column_inner][vc_column_inner width=&#8221;1\/3&#8243;][vc_column_text el_class=&#8221;price&#8221;]<\/p>\n<h3 style=\"text-align: center;\">Karaman (2021-)<\/h3>\n<p>[\/vc_column_text][vc_column_text el_class=&#8221;price-content&#8221;]Yap\u0131m Kontrol M\u00fc\u015favirli\u011fi<\/p>\n<h4>Enerya<\/h4>\n<p>[\/vc_column_text][\/vc_column_inner][\/vc_row_inner][vc_row_inner el_class=&#8221;price-table align-center&#8221;][vc_column_inner width=&#8221;1\/3&#8243;][vc_column_text el_class=&#8221;price&#8221; css=&#8221;.vc_custom_1625319229048{background-color: #0099a8 !important;}&#8221;]<\/p>\n<h3 style=\"text-align: center;\">Erzincan (2021-)<\/h3>\n<p>[\/vc_column_text][vc_column_text el_class=&#8221;price-content&#8221;]<\/p>\n<p style=\"text-align: center;\">Yap\u0131m Kontrol M\u00fc\u015favirli\u011fi<\/p>\n<h4 style=\"text-align: center;\">Enerya<\/h4>\n<p>[\/vc_column_text][\/vc_column_inner][\/vc_row_inner][\/vc_column][\/vc_row]<\/p>\n","protected":false},"excerpt":{"rendered":"<p>[vc_row css=&#8221;.vc_custom_1433565737539{margin-top: 20px !important;margin-bottom: 30px !important;}&#8221;][vc_column][vc_single_image image=&#8221;75660&#8243; img_size=&#8221;full&#8221; alignment=&#8221;center&#8221;][\/vc_column][\/vc_row][vc_row css=&#8221;.vc_custom_1433565737539{margin-top: 20px !important;margin-bottom: 30px !important;}&#8221;][vc_column][vc_custom_heading text=&#8221;Devam Eden Projeler&#8221; font_container=&#8221;tag:h1|font_size:20|text_align:left&#8221; el_class=&#8221;heading-title-3&#8243;][vc_row_inner el_class=&#8221;price-table align-center&#8221;][vc_column_inner width=&#8221;1\/3&#8243;][vc_column_text el_class=&#8221;price&#8221;] Elaz\u0131\u011f (2007-) [\/vc_column_text][vc_column_text el_class=&#8221;price-content&#8221;]Yap\u0131m Kontrol M\u00fc\u015favirli\u011fi Aksa Holding [\/vc_column_text][\/vc_column_inner][vc_column_inner width=&#8221;1\/3&#8243;][vc_column_text el_class=&#8221;price&#8221; css=&#8221;.vc_custom_1625315379961{background-color: #0099a8 !important;}&#8221;] Ad\u0131yaman (2007-) [\/vc_column_text][vc_column_text el_class=&#8221;price-content&#8221;] Yap\u0131m Kontrol M\u00fc\u015favirli\u011fi Akmercangaz [\/vc_column_text][\/vc_column_inner][vc_column_inner width=&#8221;1\/3&#8243;][vc_column_text el_class=&#8221;price&#8221;] Siirt &#8211; Batman (2010-) [\/vc_column_text][vc_column_text el_class=&#8221;price-content&#8221;]Yap\u0131m Kontrol [&hellip;]<\/p>\n","protected":false},"author":1,"featured_media":0,"parent":0,"menu_order":0,"comment_status":"closed","ping_status":"closed","template":"","meta":[],"yoast_head":"<!-- This site is optimized with the Yoast SEO plugin v16.5 - https:\/\/yoast.com\/wordpress\/plugins\/seo\/ -->\n<title>Devam Eden Projeler - Arz M&uuml;hendislik<\/title>\n<meta name=\"robots\" content=\"index, follow, max-snippet:-1, max-image-preview:large, max-video-preview:-1\" \/>\n<link rel=\"canonical\" href=\"https:\/\/www.arzmuhendislik.com.tr\/index.php\/devam-eden-projeler\/\" \/>\n<meta property=\"og:locale\" content=\"tr_TR\" \/>\n<meta property=\"og:type\" content=\"article\" \/>\n<meta property=\"og:title\" content=\"Devam Eden Projeler - Arz M&uuml;hendislik\" \/>\n<meta property=\"og:description\" content=\"[vc_row css=&#8221;.vc_custom_1433565737539{margin-top: 20px !important;margin-bottom: 30px !important;}&#8221;][vc_column][vc_single_image image=&#8221;75660&#8243; img_size=&#8221;full&#8221; alignment=&#8221;center&#8221;][\/vc_column][\/vc_row][vc_row css=&#8221;.vc_custom_1433565737539{margin-top: 20px !important;margin-bottom: 30px !important;}&#8221;][vc_column][vc_custom_heading text=&#8221;Devam Eden Projeler&#8221; font_container=&#8221;tag:h1|font_size:20|text_align:left&#8221; el_class=&#8221;heading-title-3&#8243;][vc_row_inner el_class=&#8221;price-table align-center&#8221;][vc_column_inner width=&#8221;1\/3&#8243;][vc_column_text el_class=&#8221;price&#8221;] Elaz\u0131\u011f (2007-) [\/vc_column_text][vc_column_text el_class=&#8221;price-content&#8221;]Yap\u0131m Kontrol M\u00fc\u015favirli\u011fi Aksa Holding [\/vc_column_text][\/vc_column_inner][vc_column_inner width=&#8221;1\/3&#8243;][vc_column_text el_class=&#8221;price&#8221; css=&#8221;.vc_custom_1625315379961{background-color: #0099a8 !important;}&#8221;] Ad\u0131yaman (2007-) [\/vc_column_text][vc_column_text el_class=&#8221;price-content&#8221;] Yap\u0131m Kontrol M\u00fc\u015favirli\u011fi Akmercangaz [\/vc_column_text][\/vc_column_inner][vc_column_inner width=&#8221;1\/3&#8243;][vc_column_text el_class=&#8221;price&#8221;] Siirt &#8211; Batman (2010-) [\/vc_column_text][vc_column_text el_class=&#8221;price-content&#8221;]Yap\u0131m Kontrol [&hellip;]\" \/>\n<meta property=\"og:url\" content=\"https:\/\/www.arzmuhendislik.com.tr\/index.php\/devam-eden-projeler\/\" \/>\n<meta property=\"og:site_name\" content=\"Arz M&uuml;hendislik\" \/>\n<meta property=\"article:modified_time\" content=\"2021-07-03T13:33:51+00:00\" \/>\n<meta name=\"twitter:card\" content=\"summary_large_image\" \/>\n<meta name=\"twitter:label1\" content=\"Tahmini okuma s\u00fcresi\" \/>\n\t<meta name=\"twitter:data1\" content=\"2 dakika\" \/>\n<script type=\"application\/ld+json\" class=\"yoast-schema-graph\">{\"@context\":\"https:\/\/schema.org\",\"@graph\":[{\"@type\":\"WebSite\",\"@id\":\"http:\/\/www.arzmuhendislik.com.tr\/#website\",\"url\":\"http:\/\/www.arzmuhendislik.com.tr\/\",\"name\":\"Arz M&uuml;hendislik\",\"description\":\"Do\\u011fru Tercih\",\"potentialAction\":[{\"@type\":\"SearchAction\",\"target\":\"http:\/\/www.arzmuhendislik.com.tr\/?s={search_term_string}\",\"query-input\":\"required name=search_term_string\"}],\"inLanguage\":\"tr\"},{\"@type\":\"WebPage\",\"@id\":\"https:\/\/www.arzmuhendislik.com.tr\/index.php\/devam-eden-projeler\/#webpage\",\"url\":\"https:\/\/www.arzmuhendislik.com.tr\/index.php\/devam-eden-projeler\/\",\"name\":\"Devam Eden Projeler - Arz M&uuml;hendislik\",\"isPartOf\":{\"@id\":\"http:\/\/www.arzmuhendislik.com.tr\/#website\"},\"datePublished\":\"2021-07-03T12:14:32+00:00\",\"dateModified\":\"2021-07-03T13:33:51+00:00\",\"breadcrumb\":{\"@id\":\"https:\/\/www.arzmuhendislik.com.tr\/index.php\/devam-eden-projeler\/#breadcrumb\"},\"inLanguage\":\"tr\",\"potentialAction\":[{\"@type\":\"ReadAction\",\"target\":[\"https:\/\/www.arzmuhendislik.com.tr\/index.php\/devam-eden-projeler\/\"]}]},{\"@type\":\"BreadcrumbList\",\"@id\":\"https:\/\/www.arzmuhendislik.com.tr\/index.php\/devam-eden-projeler\/#breadcrumb\",\"itemListElement\":[{\"@type\":\"ListItem\",\"position\":1,\"name\":\"Anasayfa\",\"item\":\"http:\/\/www.arzmuhendislik.com.tr\/\"},{\"@type\":\"ListItem\",\"position\":2,\"name\":\"Devam Eden Projeler\"}]}]}<\/script>\n<!-- \/ Yoast SEO plugin. -->","_links":{"self":[{"href":"http:\/\/www.arzmuhendislik.com.tr\/index.php\/wp-json\/wp\/v2\/pages\/75809"}],"collection":[{"href":"http:\/\/www.arzmuhendislik.com.tr\/index.php\/wp-json\/wp\/v2\/pages"}],"about":[{"href":"http:\/\/www.arzmuhendislik.com.tr\/index.php\/wp-json\/wp\/v2\/types\/page"}],"author":[{"embeddable":true,"href":"http:\/\/www.arzmuhendislik.com.tr\/index.php\/wp-json\/wp\/v2\/users\/1"}],"replies":[{"embeddable":true,"href":"http:\/\/www.arzmuhendislik.com.tr\/index.php\/wp-json\/wp\/v2\/comments?post=75809"}],"version-history":[{"count":23,"href":"http:\/\/www.arzmuhendislik.com.tr\/index.php\/wp-json\/wp\/v2\/pages\/75809\/revisions"}],"predecessor-version":[{"id":75851,"href":"http:\/\/www.arzmuhendislik.com.tr\/index.php\/wp-json\/wp\/v2\/pages\/75809\/revisions\/75851"}],"wp:attachment":[{"href":"http:\/\/www.arzmuhendislik.com.tr\/index.php\/wp-json\/wp\/v2\/media?parent=75809"}],"curies":[{"name":"wp","href":"https:\/\/api.w.org\/{rel}","templated":true}]}}